{"id":5429,"date":"2018-03-21T15:41:53","date_gmt":"2018-03-21T15:41:53","guid":{"rendered":"https:\/\/artglobalizationinterculturality.com\/?page_id=5429"},"modified":"2018-10-17T00:01:47","modified_gmt":"2018-10-17T00:01:47","slug":"conferencias","status":"publish","type":"page","link":"https:\/\/artglobalizationinterculturality.com\/es\/actividades\/conferencias\/","title":{"rendered":"Conferencias"},"content":{"rendered":"<p>[et_pb_section bb_built=\u00bb1&#8243; next_background_color=\u00bb#000000&#8243; global_module=\u00bb6108&#8243;][et_pb_row global_parent=\u00bb6108&#8243; background_position=\u00bbtop_left\u00bb background_repeat=\u00bbrepeat\u00bb background_size=\u00bbinitial\u00bb][et_pb_column type=\u00bb4_4&#8243;][et_pb_text admin_label=\u00bbBreadcrumb\u00bb global_parent=\u00bb6108&#8243; _builder_version=\u00bb3.17.1&#8243;]<\/p>\n<div>[wpseo_breadcrumb]<\/div>\n<p>[\/et_pb_text][\/et_pb_column][\/et_pb_row][\/et_pb_section][et_pb_section bb_built=\u00bb1&#8243; _builder_version=\u00bb3.0.66&#8243; background_color=\u00bb#ffffff\u00bb prev_background_color=\u00bb#000000&#8243;][et_pb_row][et_pb_column type=\u00bb4_4&#8243;]<div class=\"et_pb_blog_grid_wrapper\"><div class=\"et_pb_blog_grid clearfix et_pb_module et_pb_bg_layout_light  et_pb_cpt_archive_0\" data-columns>\n\t\t\t\t\n\t\t\t<article id=\"post-10644\" class=\"et_pb_post_type et_pb_post_type_conferences et_pb_post post-10644 conferences type-conferences status-publish format-standard has-post-thumbnail hentry category-call-for-papers-2 category-congresos\">\n\n\t\t\t<div class=\"et_pb_image_container\"><a  href=\"https:\/\/artglobalizationinterculturality.com\/es\/conferencias\/extractivismconference2\/\" class=\"entry-featured-image-url\"><img decoding=\"async\" src=\"https:\/\/artglobalizationinterculturality.com\/wp-content\/uploads\/2026\/06\/part3.jpg\" class=\"\" alt=\"\u00abFrente a los extractivismos.\u00a0Artes y literaturas\u00bb, II Congreso internacional, Par\u00eds, junio 2026.\" title=\"\u00abFrente a los extractivismos.\u00a0Artes y literaturas\u00bb, II Congreso internacional, Par\u00eds, junio 2026.\" \/><\/a><\/div> <!-- .et_pb_image_container -->\n\t\t\t\t\t\t\t\t\t\t\t\t<h2 class=\"entry-title\"><a href=\"https:\/\/artglobalizationinterculturality.com\/es\/conferencias\/extractivismconference2\/\">\u00abFrente a los extractivismos.\u00a0Artes y literaturas\u00bb, II Congreso internacional, Par\u00eds, junio 2026.<\/a><\/h2>\n\t\t\t\t\n\t\t\t\t<p class=\"post-meta\">  <span class=\"published\">Jun 1, 2026<\/span>    <\/p> <a href=\"https:\/\/artglobalizationinterculturality.com\/es\/conferencias\/extractivismconference2\/\" class=\"more-link\" >leer m\u00e1s<\/a>\t\t\t\n\t\t\t<\/article> <!-- .et_pb_post -->\n\t\n\t\t\t<article id=\"post-10481\" class=\"et_pb_post_type et_pb_post_type_conferences et_pb_post post-10481 conferences type-conferences status-publish format-standard has-post-thumbnail hentry category-seminarios category-sin-categorizar\">\n\n\t\t\t<div class=\"et_pb_image_container\"><a  href=\"https:\/\/artglobalizationinterculturality.com\/es\/conferencias\/1er-congreso-internacional-ruralidades-desarrollos-sostenibles-y-nuevas-ecologias-29-y-30-de-octubre-2025\/\" class=\"entry-featured-image-url\"><img decoding=\"async\" src=\"https:\/\/artglobalizationinterculturality.com\/wp-content\/uploads\/2025\/07\/image-3-1080x675.png\" class=\"\" alt=\"1er Congreso Internacional Ruralidades, Desarrollos Sostenibles y Nuevas Ecolog\u00edas | 29 y 30 de Octubre 2025\" title=\"1er Congreso Internacional Ruralidades, Desarrollos Sostenibles y Nuevas Ecolog\u00edas | 29 y 30 de Octubre 2025\" \/><\/a><\/div> <!-- .et_pb_image_container -->\n\t\t\t\t\t\t\t\t\t\t\t\t<h2 class=\"entry-title\"><a href=\"https:\/\/artglobalizationinterculturality.com\/es\/conferencias\/1er-congreso-internacional-ruralidades-desarrollos-sostenibles-y-nuevas-ecologias-29-y-30-de-octubre-2025\/\">1er Congreso Internacional Ruralidades, Desarrollos Sostenibles y Nuevas Ecolog\u00edas | 29 y 30 de Octubre 2025<\/a><\/h2>\n\t\t\t\t\n\t\t\t\t<p class=\"post-meta\">  <span class=\"published\">Oct 7, 2025<\/span>    <\/p> <a href=\"https:\/\/artglobalizationinterculturality.com\/es\/conferencias\/1er-congreso-internacional-ruralidades-desarrollos-sostenibles-y-nuevas-ecologias-29-y-30-de-octubre-2025\/\" class=\"more-link\" >leer m\u00e1s<\/a>\t\t\t\n\t\t\t<\/article> <!-- .et_pb_post -->\n\t\n\t\t\t<article id=\"post-10259\" class=\"et_pb_post_type et_pb_post_type_conferences et_pb_post post-10259 conferences type-conferences status-publish format-standard has-post-thumbnail hentry category-call-for-papers-2 category-congresos\">\n\n\t\t\t<div class=\"et_pb_image_container\"><a  href=\"https:\/\/artglobalizationinterculturality.com\/es\/conferencias\/call-for-papers-arte-contemporaneo-y-cultura-extractivista\/\" class=\"entry-featured-image-url\"><img decoding=\"async\" src=\"https:\/\/artglobalizationinterculturality.com\/wp-content\/uploads\/2025\/02\/clara-BARBARA-FLUXA-DETALLE-VIDEO-PAISAJE-MINADO-copia-1080x675.jpg\" class=\"\" alt=\"Call for papers: Arte contempor\u00e1neo y cultura extractivista\" title=\"Call for papers: Arte contempor\u00e1neo y cultura extractivista\" \/><\/a><\/div> <!-- .et_pb_image_container -->\n\t\t\t\t\t\t\t\t\t\t\t\t<h2 class=\"entry-title\"><a href=\"https:\/\/artglobalizationinterculturality.com\/es\/conferencias\/call-for-papers-arte-contemporaneo-y-cultura-extractivista\/\">Call for papers: Arte contempor\u00e1neo y cultura extractivista<\/a><\/h2>\n\t\t\t\t\n\t\t\t\t<p class=\"post-meta\">  <span class=\"published\">Feb 7, 2025<\/span>    <\/p> <a href=\"https:\/\/artglobalizationinterculturality.com\/es\/conferencias\/call-for-papers-arte-contemporaneo-y-cultura-extractivista\/\" class=\"more-link\" >leer m\u00e1s<\/a>\t\t\t\n\t\t\t<\/article> <!-- .et_pb_post -->\n\t\n\t\t\t<article id=\"post-9638\" class=\"et_pb_post_type et_pb_post_type_conferences et_pb_post post-9638 conferences type-conferences status-publish format-standard has-post-thumbnail hentry\">\n\n\t\t\t<div class=\"et_pb_image_container\"><a  href=\"https:\/\/artglobalizationinterculturality.com\/es\/conferencias\/defender-el-cuerpo-territorio\/\" class=\"entry-featured-image-url\"><img decoding=\"async\" src=\"https:\/\/artglobalizationinterculturality.com\/wp-content\/uploads\/2024\/06\/Captura-de-pantalla-2024-06-05-a-las-21.49.09-1080x526.png\" class=\"\" alt=\"Defender el cuerpo-territorio\" title=\"Defender el cuerpo-territorio\" \/><\/a><\/div> <!-- .et_pb_image_container -->\n\t\t\t\t\t\t\t\t\t\t\t\t<h2 class=\"entry-title\"><a href=\"https:\/\/artglobalizationinterculturality.com\/es\/conferencias\/defender-el-cuerpo-territorio\/\">Defender el cuerpo-territorio<\/a><\/h2>\n\t\t\t\t\n\t\t\t\t<p class=\"post-meta\">  <span class=\"published\">Jun 5, 2024<\/span>    <\/p> <a href=\"https:\/\/artglobalizationinterculturality.com\/es\/conferencias\/defender-el-cuerpo-territorio\/\" class=\"more-link\" >leer m\u00e1s<\/a>\t\t\t\n\t\t\t<\/article> <!-- .et_pb_post -->\n\t\n\t\t\t<article id=\"post-8878\" class=\"et_pb_post_type et_pb_post_type_conferences et_pb_post post-8878 conferences type-conferences status-publish format-standard has-post-thumbnail hentry\">\n\n\t\t\t<div class=\"et_pb_image_container\"><a  href=\"https:\/\/artglobalizationinterculturality.com\/es\/conferencias\/nueva-babel-desafios-del-mundo-plural\/\" class=\"entry-featured-image-url\"><img decoding=\"async\" src=\"https:\/\/artglobalizationinterculturality.com\/wp-content\/uploads\/2022\/02\/babel.jpg\" class=\"\" alt=\"Nueva Babel. Desaf\u00edos del mundo plural\" title=\"Nueva Babel. Desaf\u00edos del mundo plural\" \/><\/a><\/div> <!-- .et_pb_image_container -->\n\t\t\t\t\t\t\t\t\t\t\t\t<h2 class=\"entry-title\"><a href=\"https:\/\/artglobalizationinterculturality.com\/es\/conferencias\/nueva-babel-desafios-del-mundo-plural\/\">Nueva Babel. Desaf\u00edos del mundo plural<\/a><\/h2>\n\t\t\t\t\n\t\t\t\t<p class=\"post-meta\">  <span class=\"published\">Nov 4, 2021<\/span>    <\/p> <a href=\"https:\/\/artglobalizationinterculturality.com\/es\/conferencias\/nueva-babel-desafios-del-mundo-plural\/\" class=\"more-link\" >leer m\u00e1s<\/a>\t\t\t\n\t\t\t<\/article> <!-- .et_pb_post -->\n\t\n\t\t\t<article id=\"post-8669\" class=\"et_pb_post_type et_pb_post_type_conferences et_pb_post post-8669 conferences type-conferences status-publish format-standard has-post-thumbnail hentry category-call-for-papers-2 category-congresos\">\n\n\t\t\t<div class=\"et_pb_image_container\"><a  href=\"https:\/\/artglobalizationinterculturality.com\/es\/conferencias\/etico-estetica-transversal\/\" class=\"entry-featured-image-url\"><img decoding=\"async\" src=\"https:\/\/artglobalizationinterculturality.com\/wp-content\/uploads\/2021\/04\/Transversal_ethico_aesthetics_coverimagesmall-1080x675.jpg\" class=\"\" alt=\"Convocatoria de textos: Por una \u00e9tico-est\u00e9tica transversal: capitalismo maqu\u00ednico, seres moleculares y territorios subsistenciales\" title=\"Convocatoria de textos: Por una \u00e9tico-est\u00e9tica transversal: capitalismo maqu\u00ednico, seres moleculares y territorios subsistenciales\" \/><\/a><\/div> <!-- .et_pb_image_container -->\n\t\t\t\t\t\t\t\t\t\t\t\t<h2 class=\"entry-title\"><a href=\"https:\/\/artglobalizationinterculturality.com\/es\/conferencias\/etico-estetica-transversal\/\">Convocatoria de textos: Por una \u00e9tico-est\u00e9tica transversal: capitalismo maqu\u00ednico, seres moleculares y territorios subsistenciales<\/a><\/h2>\n\t\t\t\t\n\t\t\t\t<p class=\"post-meta\">  <span class=\"published\">Abr 11, 2021<\/span>    <\/p> <a href=\"https:\/\/artglobalizationinterculturality.com\/es\/conferencias\/etico-estetica-transversal\/\" class=\"more-link\" >leer m\u00e1s<\/a>\t\t\t\n\t\t\t<\/article> <!-- .et_pb_post -->\n\t\n\t\t\t<article id=\"post-7836\" class=\"et_pb_post_type et_pb_post_type_conferences et_pb_post post-7836 conferences type-conferences status-publish format-standard has-post-thumbnail hentry category-congresos\">\n\n\t\t\t<div class=\"et_pb_image_container\"><a  href=\"https:\/\/artglobalizationinterculturality.com\/es\/conferencias\/epistemologias-indigenas-e-imaginacion-artistica\/\" class=\"entry-featured-image-url\"><img decoding=\"async\" src=\"https:\/\/artglobalizationinterculturality.com\/wp-content\/uploads\/2019\/05\/agi-conference-2019-indigenous-epistemologies-and-artistic-imagination-1080x675.jpg\" class=\"\" alt=\"Epistemolog\u00edas Ind\u00edgenas e Imaginaci\u00f3n Art\u00edstica\" title=\"Epistemolog\u00edas Ind\u00edgenas e Imaginaci\u00f3n Art\u00edstica\" \/><\/a><\/div> <!-- .et_pb_image_container -->\n\t\t\t\t\t\t\t\t\t\t\t\t<h2 class=\"entry-title\"><a href=\"https:\/\/artglobalizationinterculturality.com\/es\/conferencias\/epistemologias-indigenas-e-imaginacion-artistica\/\">Epistemolog\u00edas Ind\u00edgenas e Imaginaci\u00f3n Art\u00edstica<\/a><\/h2>\n\t\t\t\t\n\t\t\t\t<p class=\"post-meta\">  <span class=\"published\">Oct 24, 2019<\/span>    <\/p> <a href=\"https:\/\/artglobalizationinterculturality.com\/es\/conferencias\/epistemologias-indigenas-e-imaginacion-artistica\/\" class=\"more-link\" >leer m\u00e1s<\/a>\t\t\t\n\t\t\t<\/article> <!-- .et_pb_post -->\n\t\n\t\t\t<article id=\"post-5517\" class=\"et_pb_post_type et_pb_post_type_conferences et_pb_post post-5517 conferences type-conferences status-publish format-standard has-post-thumbnail hentry category-congresos\">\n\n\t\t\t<div class=\"et_pb_image_container\"><a  href=\"https:\/\/artglobalizationinterculturality.com\/es\/conferencias\/babel-global-los-vertigos-del-infinito\/\" class=\"entry-featured-image-url\"><img decoding=\"async\" src=\"https:\/\/artglobalizationinterculturality.com\/wp-content\/uploads\/2018\/10\/agi-conference-2018-the-vertigo-of-infinity-babel-in-the-era-of-the-global-1080x675.jpg\" class=\"\" alt=\"Babel Global: Los V\u00e9rtigos del Infinito\" title=\"Babel Global: Los V\u00e9rtigos del Infinito\" \/><\/a><\/div> <!-- .et_pb_image_container -->\n\t\t\t\t\t\t\t\t\t\t\t\t<h2 class=\"entry-title\"><a href=\"https:\/\/artglobalizationinterculturality.com\/es\/conferencias\/babel-global-los-vertigos-del-infinito\/\">Babel Global: Los V\u00e9rtigos del Infinito<\/a><\/h2>\n\t\t\t\t\n\t\t\t\t<p class=\"post-meta\">  <span class=\"published\">Oct 25, 2018<\/span>    <\/p> <a href=\"https:\/\/artglobalizationinterculturality.com\/es\/conferencias\/babel-global-los-vertigos-del-infinito\/\" class=\"more-link\" >leer m\u00e1s<\/a>\t\t\t\n\t\t\t<\/article> <!-- .et_pb_post -->\n\t\n\t\t\t<article id=\"post-10691\" class=\"et_pb_post_type et_pb_post_type_conferences et_pb_post post-10691 conferences type-conferences status-publish format-standard has-post-thumbnail hentry category-call-for-papers category-conferences\">\n\n\t\t\t<div class=\"et_pb_image_container\"><a  href=\"https:\/\/artglobalizationinterculturality.com\/es\/conferencias\/call-for-papers-1st-international-conference-ruralities-sustainable-developments-new-artistic-ecologies-29-30-october-2025\/\" class=\"entry-featured-image-url\"><img decoding=\"async\" src=\"https:\/\/artglobalizationinterculturality.com\/wp-content\/uploads\/2026\/02\/Grafico_pegado-3-en-tamano-mediano.jpeg\" class=\"\" alt=\"Call for papers: 1st International Conference Ruralities, Sustainable Developments &#038; New Artistic Ecologies | 29 &#038; 30 October 2025\" title=\"Call for papers: 1st International Conference Ruralities, Sustainable Developments &#038; New Artistic Ecologies | 29 &#038; 30 October 2025\" \/><\/a><\/div> <!-- .et_pb_image_container -->\n\t\t\t\t\t\t\t\t\t\t\t\t<h2 class=\"entry-title\"><a href=\"https:\/\/artglobalizationinterculturality.com\/es\/conferencias\/call-for-papers-1st-international-conference-ruralities-sustainable-developments-new-artistic-ecologies-29-30-october-2025\/\">Call for papers: 1st International Conference Ruralities, Sustainable Developments &#038; New Artistic Ecologies | 29 &#038; 30 October 2025<\/a><\/h2>\n\t\t\t\t\n\t\t\t\t<p class=\"post-meta\">  <span class=\"published\">Feb 12, 2026<\/span>    <\/p> <a href=\"https:\/\/artglobalizationinterculturality.com\/es\/conferencias\/call-for-papers-1st-international-conference-ruralities-sustainable-developments-new-artistic-ecologies-29-30-october-2025\/\" class=\"more-link\" >leer m\u00e1s<\/a>\t\t\t\n\t\t\t<\/article> <!-- .et_pb_post -->\n\t\n\t\t\t<article id=\"post-10454\" class=\"et_pb_post_type et_pb_post_type_conferences et_pb_post post-10454 conferences type-conferences status-publish format-standard has-post-thumbnail hentry category-call-for-papers category-conferences\">\n\n\t\t\t<div class=\"et_pb_image_container\"><a  href=\"https:\/\/artglobalizationinterculturality.com\/es\/conferencias\/call-for-papers-1st-international-conference-ruralities-sustainable-developments-new-artistic-ecologies-19-30-october-2025\/\" class=\"entry-featured-image-url\"><img decoding=\"async\" src=\"https:\/\/artglobalizationinterculturality.com\/wp-content\/uploads\/2025\/07\/image-3-1080x675.png\" class=\"\" alt=\"Call for papers: 1st International Conference Ruralities, Sustainable Developments &#038; New Artistic Ecologies | 29 &#038; 30 October 2025\" title=\"Call for papers: 1st International Conference Ruralities, Sustainable Developments &#038; New Artistic Ecologies | 29 &#038; 30 October 2025\" \/><\/a><\/div> <!-- .et_pb_image_container -->\n\t\t\t\t\t\t\t\t\t\t\t\t<h2 class=\"entry-title\"><a href=\"https:\/\/artglobalizationinterculturality.com\/es\/conferencias\/call-for-papers-1st-international-conference-ruralities-sustainable-developments-new-artistic-ecologies-19-30-october-2025\/\">Call for papers: 1st International Conference Ruralities, Sustainable Developments &#038; New Artistic Ecologies | 29 &#038; 30 October 2025<\/a><\/h2>\n\t\t\t\t\n\t\t\t\t<p class=\"post-meta\">  <span class=\"published\">Jul 16, 2025<\/span>    <\/p> <a href=\"https:\/\/artglobalizationinterculturality.com\/es\/conferencias\/call-for-papers-1st-international-conference-ruralities-sustainable-developments-new-artistic-ecologies-19-30-october-2025\/\" class=\"more-link\" >leer m\u00e1s<\/a>\t\t\t\n\t\t\t<\/article> <!-- .et_pb_post -->\n\t\n\t\t\t<\/div> <!-- .et_pb_posts --><\/div>[\/et_pb_column][\/et_pb_row][\/et_pb_section]<\/p>\n","protected":false},"excerpt":{"rendered":"<p>[wpseo_breadcrumb] <div class=\"et_pb_row et_pb_row_0 et_pb_row_empty\">\n\t\t\t\t\n\t\t\t\t\n\t\t\t\t\n\t\t\t\t\n\t\t\t\t\n\t\t\t<\/div><\/p>\n","protected":false},"author":1,"featured_media":0,"parent":5283,"menu_order":0,"comment_status":"closed","ping_status":"closed","template":"","meta":{"_seopress_robots_primary_cat":"","_seopress_titles_title":"Gu\u00eda completa de wpseo_breadcrumb para tu web","_seopress_titles_desc":"Descubre c\u00f3mo [wpseo_breadcrumb] mejora la experiencia del usuario y optimiza tu SEO con rutas de navegaci\u00f3n sencillas.","_seopress_robots_index":"","_et_pb_use_builder":"on","_et_pb_old_content":"","_et_gb_content_width":"","footnotes":""},"class_list":["post-5429","page","type-page","status-publish","hentry"],"_links":{"self":[{"href":"https:\/\/artglobalizationinterculturality.com\/es\/wp-json\/wp\/v2\/pages\/5429","targetHints":{"allow":["GET"]}}],"collection":[{"href":"https:\/\/artglobalizationinterculturality.com\/es\/wp-json\/wp\/v2\/pages"}],"about":[{"href":"https:\/\/artglobalizationinterculturality.com\/es\/wp-json\/wp\/v2\/types\/page"}],"author":[{"embeddable":true,"href":"https:\/\/artglobalizationinterculturality.com\/es\/wp-json\/wp\/v2\/users\/1"}],"replies":[{"embeddable":true,"href":"https:\/\/artglobalizationinterculturality.com\/es\/wp-json\/wp\/v2\/comments?post=5429"}],"version-history":[{"count":3,"href":"https:\/\/artglobalizationinterculturality.com\/es\/wp-json\/wp\/v2\/pages\/5429\/revisions"}],"predecessor-version":[{"id":6116,"href":"https:\/\/artglobalizationinterculturality.com\/es\/wp-json\/wp\/v2\/pages\/5429\/revisions\/6116"}],"up":[{"embeddable":true,"href":"https:\/\/artglobalizationinterculturality.com\/es\/wp-json\/wp\/v2\/pages\/5283"}],"wp:attachment":[{"href":"https:\/\/artglobalizationinterculturality.com\/es\/wp-json\/wp\/v2\/media?parent=5429"}],"curies":[{"name":"wp","href":"https:\/\/api.w.org\/{rel}","templated":true}]}}