{"id":5412,"date":"2018-03-21T15:33:28","date_gmt":"2018-03-21T15:33:28","guid":{"rendered":"https:\/\/artglobalizationinterculturality.com\/?page_id=5412"},"modified":"2018-10-17T00:09:45","modified_gmt":"2018-10-17T00:09:45","slug":"exhibiciones","status":"publish","type":"page","link":"https:\/\/artglobalizationinterculturality.com\/es\/actividades\/exhibiciones\/","title":{"rendered":"Exhibiciones"},"content":{"rendered":"<p>[et_pb_section bb_built=\u00bb1&#8243; next_background_color=\u00bb#000000&#8243; global_module=\u00bb6108&#8243;][et_pb_row global_parent=\u00bb6108&#8243; background_position=\u00bbtop_left\u00bb background_repeat=\u00bbrepeat\u00bb background_size=\u00bbinitial\u00bb][et_pb_column type=\u00bb4_4&#8243;][et_pb_text admin_label=\u00bbBreadcrumb\u00bb global_parent=\u00bb6108&#8243; _builder_version=\u00bb3.17.1&#8243;]<\/p>\n<div>[wpseo_breadcrumb]<\/div>\n<p>[\/et_pb_text][\/et_pb_column][\/et_pb_row][\/et_pb_section][et_pb_section bb_built=\u00bb1&#8243; _builder_version=\u00bb3.0.66&#8243; background_color=\u00bb#ffffff\u00bb prev_background_color=\u00bb#000000&#8243;][et_pb_row][et_pb_column type=\u00bb4_4&#8243;]<div class=\"et_pb_blog_grid_wrapper\"><div class=\"et_pb_blog_grid clearfix et_pb_module et_pb_bg_layout_light  et_pb_cpt_archive_0\" data-columns>\n\t\t\t\t\n\t\t\t<article id=\"post-7731\" class=\"et_pb_post_type et_pb_post_type_exhibitions et_pb_post post-7731 exhibitions type-exhibitions status-publish has-post-thumbnail hentry category-exhibiciones\">\n\n\t\t\t<div class=\"et_pb_image_container\"><a  href=\"https:\/\/artglobalizationinterculturality.com\/es\/exhibiciones\/esc-out-desvios-de-las-practicas-artisticas-en-la-esfera-publica\/\" class=\"entry-featured-image-url\"><img decoding=\"async\" src=\"https:\/\/artglobalizationinterculturality.com\/wp-content\/uploads\/2019\/02\/agi-exhibition-2019-esc-out-desvios-de-las-practicas-artisticas-en-la-esfera-publica-768x406.jpg\" class=\"\" alt=\"ESC-OUT: Desv\u00edos de las Pr\u00e1cticas Art\u00edsticas en la Esfera P\u00fablica\" title=\"ESC-OUT: Desv\u00edos de las Pr\u00e1cticas Art\u00edsticas en la Esfera P\u00fablica\" \/><\/a><\/div> <!-- .et_pb_image_container -->\n\t\t\t\t\t\t\t\t\t\t\t\t<h2 class=\"entry-title\"><a href=\"https:\/\/artglobalizationinterculturality.com\/es\/exhibiciones\/esc-out-desvios-de-las-practicas-artisticas-en-la-esfera-publica\/\">ESC-OUT: Desv\u00edos de las Pr\u00e1cticas Art\u00edsticas en la Esfera P\u00fablica<\/a><\/h2>\n\t\t\t\t\n\t\t\t\t<p class=\"post-meta\">  <span class=\"published\">Feb 2, 2019<\/span>    <\/p> <a href=\"https:\/\/artglobalizationinterculturality.com\/es\/exhibiciones\/esc-out-desvios-de-las-practicas-artisticas-en-la-esfera-publica\/\" class=\"more-link\" >leer m\u00e1s<\/a>\t\t\t\n\t\t\t<\/article> <!-- .et_pb_post -->\n\t\n\t\t\t<article id=\"post-6243\" class=\"et_pb_post_type et_pb_post_type_exhibitions et_pb_post post-6243 exhibitions type-exhibitions status-publish has-post-thumbnail hentry category-exhibiciones\">\n\n\t\t\t<div class=\"et_pb_image_container\"><a  href=\"https:\/\/artglobalizationinterculturality.com\/es\/exhibiciones\/yo-misil\/\" class=\"entry-featured-image-url\"><img decoding=\"async\" src=\"https:\/\/artglobalizationinterculturality.com\/wp-content\/uploads\/2017\/08\/agi-exhibition-2014-yo-misil-768x406.jpg\" class=\"\" alt=\"Yo, Misil\" title=\"Yo, Misil\" \/><\/a><\/div> <!-- .et_pb_image_container -->\n\t\t\t\t\t\t\t\t\t\t\t\t<h2 class=\"entry-title\"><a href=\"https:\/\/artglobalizationinterculturality.com\/es\/exhibiciones\/yo-misil\/\">Yo, Misil<\/a><\/h2>\n\t\t\t\t\n\t\t\t\t<p class=\"post-meta\">  <span class=\"published\">May 26, 2014<\/span>    <\/p> <a href=\"https:\/\/artglobalizationinterculturality.com\/es\/exhibiciones\/yo-misil\/\" class=\"more-link\" >leer m\u00e1s<\/a>\t\t\t\n\t\t\t<\/article> <!-- .et_pb_post -->\n\t\n\t\t\t<article id=\"post-6245\" class=\"et_pb_post_type et_pb_post_type_exhibitions et_pb_post post-6245 exhibitions type-exhibitions status-publish has-post-thumbnail hentry category-exhibiciones\">\n\n\t\t\t<div class=\"et_pb_image_container\"><a  href=\"https:\/\/artglobalizationinterculturality.com\/es\/exhibiciones\/barcelona-inspira\/\" class=\"entry-featured-image-url\"><img decoding=\"async\" src=\"https:\/\/artglobalizationinterculturality.com\/wp-content\/uploads\/2016\/05\/agi-exhibition-2014-barcelona-inspira-768x406.jpg\" class=\"\" alt=\"Barcelona Inspira\" title=\"Barcelona Inspira\" \/><\/a><\/div> <!-- .et_pb_image_container -->\n\t\t\t\t\t\t\t\t\t\t\t\t<h2 class=\"entry-title\"><a href=\"https:\/\/artglobalizationinterculturality.com\/es\/exhibiciones\/barcelona-inspira\/\">Barcelona Inspira<\/a><\/h2>\n\t\t\t\t\n\t\t\t\t<p class=\"post-meta\">  <span class=\"published\">May 19, 2014<\/span>    <\/p> <a href=\"https:\/\/artglobalizationinterculturality.com\/es\/exhibiciones\/barcelona-inspira\/\" class=\"more-link\" >leer m\u00e1s<\/a>\t\t\t\n\t\t\t<\/article> <!-- .et_pb_post -->\n\t\n\t\t\t<article id=\"post-6250\" class=\"et_pb_post_type et_pb_post_type_exhibitions et_pb_post post-6250 exhibitions type-exhibitions status-publish has-post-thumbnail hentry category-exhibiciones\">\n\n\t\t\t<div class=\"et_pb_image_container\"><a  href=\"https:\/\/artglobalizationinterculturality.com\/es\/exhibiciones\/perder-el-norte-tentativa-2\/\" class=\"entry-featured-image-url\"><img decoding=\"async\" src=\"https:\/\/artglobalizationinterculturality.com\/wp-content\/uploads\/2017\/08\/agi-exhibition-2014-perder-el-norte-1-768x406.jpg\" class=\"\" alt=\"Perder el Norte [tentativa #2]\" title=\"Perder el Norte [tentativa #2]\" \/><\/a><\/div> <!-- .et_pb_image_container -->\n\t\t\t\t\t\t\t\t\t\t\t\t<h2 class=\"entry-title\"><a href=\"https:\/\/artglobalizationinterculturality.com\/es\/exhibiciones\/perder-el-norte-tentativa-2\/\">Perder el Norte [tentativa #2]<\/a><\/h2>\n\t\t\t\t\n\t\t\t\t<p class=\"post-meta\">  <span class=\"published\">Feb 15, 2014<\/span>    <\/p> <a href=\"https:\/\/artglobalizationinterculturality.com\/es\/exhibiciones\/perder-el-norte-tentativa-2\/\" class=\"more-link\" >leer m\u00e1s<\/a>\t\t\t\n\t\t\t<\/article> <!-- .et_pb_post -->\n\t\n\t\t\t<article id=\"post-6256\" class=\"et_pb_post_type et_pb_post_type_exhibitions et_pb_post post-6256 exhibitions type-exhibitions status-publish has-post-thumbnail hentry category-exhibiciones\">\n\n\t\t\t<div class=\"et_pb_image_container\"><a  href=\"https:\/\/artglobalizationinterculturality.com\/es\/exhibiciones\/estilo-indirecto\/\" class=\"entry-featured-image-url\"><img decoding=\"async\" src=\"https:\/\/artglobalizationinterculturality.com\/wp-content\/uploads\/2017\/08\/agi-exhibition-2011-estilo-indirecto-02-768x406.jpg\" class=\"\" alt=\"Estilo Indirecto\" title=\"Estilo Indirecto\" \/><\/a><\/div> <!-- .et_pb_image_container -->\n\t\t\t\t\t\t\t\t\t\t\t\t<h2 class=\"entry-title\"><a href=\"https:\/\/artglobalizationinterculturality.com\/es\/exhibiciones\/estilo-indirecto\/\">Estilo Indirecto<\/a><\/h2>\n\t\t\t\t\n\t\t\t\t<p class=\"post-meta\">  <span class=\"published\">Nov 11, 2011<\/span>    <\/p> <a href=\"https:\/\/artglobalizationinterculturality.com\/es\/exhibiciones\/estilo-indirecto\/\" class=\"more-link\" >leer m\u00e1s<\/a>\t\t\t\n\t\t\t<\/article> <!-- .et_pb_post -->\n\t\n\t\t\t<article id=\"post-6252\" class=\"et_pb_post_type et_pb_post_type_exhibitions et_pb_post post-6252 exhibitions type-exhibitions status-publish has-post-thumbnail hentry category-exhibiciones\">\n\n\t\t\t<div class=\"et_pb_image_container\"><a  href=\"https:\/\/artglobalizationinterculturality.com\/es\/exhibiciones\/genealogias-feministas-en-el-arte-espanol-1960-2010\/\" class=\"entry-featured-image-url\"><img decoding=\"async\" src=\"https:\/\/artglobalizationinterculturality.com\/wp-content\/uploads\/2017\/08\/agi-activities-exhibitions-genealogias-feministas-1960-2010-768x406.jpg\" class=\"\" alt=\"Genealog\u00edas Feministas en el Arte Espa\u00f1ol: 1960-2010\" title=\"Genealog\u00edas Feministas en el Arte Espa\u00f1ol: 1960-2010\" \/><\/a><\/div> <!-- .et_pb_image_container -->\n\t\t\t\t\t\t\t\t\t\t\t\t<h2 class=\"entry-title\"><a href=\"https:\/\/artglobalizationinterculturality.com\/es\/exhibiciones\/genealogias-feministas-en-el-arte-espanol-1960-2010\/\">Genealog\u00edas Feministas en el Arte Espa\u00f1ol: 1960-2010<\/a><\/h2>\n\t\t\t\t\n\t\t\t\t<p class=\"post-meta\">  <span class=\"published\">Jun 23, 2012<\/span>    <\/p> <a href=\"https:\/\/artglobalizationinterculturality.com\/es\/exhibiciones\/genealogias-feministas-en-el-arte-espanol-1960-2010\/\" class=\"more-link\" >leer m\u00e1s<\/a>\t\t\t\n\t\t\t<\/article> <!-- .et_pb_post -->\n\t\n\t\t\t<article id=\"post-6254\" class=\"et_pb_post_type et_pb_post_type_exhibitions et_pb_post post-6254 exhibitions type-exhibitions status-publish has-post-thumbnail hentry category-exhibiciones\">\n\n\t\t\t<div class=\"et_pb_image_container\"><a  href=\"https:\/\/artglobalizationinterculturality.com\/es\/exhibiciones\/akram-zaatari-el-molesto-asunto\/\" class=\"entry-featured-image-url\"><img decoding=\"async\" src=\"https:\/\/artglobalizationinterculturality.com\/wp-content\/uploads\/2017\/08\/agi-exhibition-2012-akram-zaatari-el-molesto-asunto-768x406.jpg\" class=\"\" alt=\"Akram Zaatari: El Molesto Asunto\" title=\"Akram Zaatari: El Molesto Asunto\" \/><\/a><\/div> <!-- .et_pb_image_container -->\n\t\t\t\t\t\t\t\t\t\t\t\t<h2 class=\"entry-title\"><a href=\"https:\/\/artglobalizationinterculturality.com\/es\/exhibiciones\/akram-zaatari-el-molesto-asunto\/\">Akram Zaatari: El Molesto Asunto<\/a><\/h2>\n\t\t\t\t\n\t\t\t\t<p class=\"post-meta\">  <span class=\"published\">Ene 28, 2012<\/span>    <\/p> <a href=\"https:\/\/artglobalizationinterculturality.com\/es\/exhibiciones\/akram-zaatari-el-molesto-asunto\/\" class=\"more-link\" >leer m\u00e1s<\/a>\t\t\t\n\t\t\t<\/article> <!-- .et_pb_post -->\n\t\n\t\t\t<article id=\"post-6247\" class=\"et_pb_post_type et_pb_post_type_exhibitions et_pb_post post-6247 exhibitions type-exhibitions status-publish has-post-thumbnail hentry category-exhibiciones\">\n\n\t\t\t<div class=\"et_pb_image_container\"><a  href=\"https:\/\/artglobalizationinterculturality.com\/es\/exhibiciones\/menos-es-mas\/\" class=\"entry-featured-image-url\"><img decoding=\"async\" src=\"https:\/\/artglobalizationinterculturality.com\/wp-content\/uploads\/2017\/08\/agi-exhibition-2014-menos-es-mas-02-768x406.jpg\" class=\"\" alt=\"Menos es M\u00e1s\" title=\"Menos es M\u00e1s\" \/><\/a><\/div> <!-- .et_pb_image_container -->\n\t\t\t\t\t\t\t\t\t\t\t\t<h2 class=\"entry-title\"><a href=\"https:\/\/artglobalizationinterculturality.com\/es\/exhibiciones\/menos-es-mas\/\">Menos es M\u00e1s<\/a><\/h2>\n\t\t\t\t\n\t\t\t\t<p class=\"post-meta\">  <span class=\"published\">May 12, 2014<\/span>    <\/p> <a href=\"https:\/\/artglobalizationinterculturality.com\/es\/exhibiciones\/menos-es-mas\/\" class=\"more-link\" >leer m\u00e1s<\/a>\t\t\t\n\t\t\t<\/article> <!-- .et_pb_post -->\n\t\n\t\t\t<article id=\"post-6260\" class=\"et_pb_post_type et_pb_post_type_exhibitions et_pb_post post-6260 exhibitions type-exhibitions status-publish has-post-thumbnail hentry category-exhibiciones\">\n\n\t\t\t<div class=\"et_pb_image_container\"><a  href=\"https:\/\/artglobalizationinterculturality.com\/es\/exhibiciones\/1979-un-monumento-a-instantes-radicales\/\" class=\"entry-featured-image-url\"><img decoding=\"async\" src=\"https:\/\/artglobalizationinterculturality.com\/wp-content\/uploads\/2017\/08\/agi-exhibition-2011-1979-un-monumento-a-instantes-radicales-768x406.jpg\" class=\"\" alt=\"1979. Un Monumento a Instantes Radicales\" title=\"1979. Un Monumento a Instantes Radicales\" \/><\/a><\/div> <!-- .et_pb_image_container -->\n\t\t\t\t\t\t\t\t\t\t\t\t<h2 class=\"entry-title\"><a href=\"https:\/\/artglobalizationinterculturality.com\/es\/exhibiciones\/1979-un-monumento-a-instantes-radicales\/\">1979. Un Monumento a Instantes Radicales<\/a><\/h2>\n\t\t\t\t\n\t\t\t\t<p class=\"post-meta\">  <span class=\"published\">Mar 11, 2011<\/span>    <\/p> <a href=\"https:\/\/artglobalizationinterculturality.com\/es\/exhibiciones\/1979-un-monumento-a-instantes-radicales\/\" class=\"more-link\" >leer m\u00e1s<\/a>\t\t\t\n\t\t\t<\/article> <!-- .et_pb_post -->\n\t\n\t\t\t<article id=\"post-6262\" class=\"et_pb_post_type et_pb_post_type_exhibitions et_pb_post post-6262 exhibitions type-exhibitions status-publish has-post-thumbnail hentry category-exhibiciones\">\n\n\t\t\t<div class=\"et_pb_image_container\"><a  href=\"https:\/\/artglobalizationinterculturality.com\/es\/exhibiciones\/exercicis-de-memoria\/\" class=\"entry-featured-image-url\"><img decoding=\"async\" src=\"https:\/\/artglobalizationinterculturality.com\/wp-content\/uploads\/2011\/01\/agi-exhibition-2011-exercicis-de-memoria-02-768x406.jpg\" class=\"\" alt=\"Exercicis de Mem\u00f2ria\" title=\"Exercicis de Mem\u00f2ria\" \/><\/a><\/div> <!-- .et_pb_image_container -->\n\t\t\t\t\t\t\t\t\t\t\t\t<h2 class=\"entry-title\"><a href=\"https:\/\/artglobalizationinterculturality.com\/es\/exhibiciones\/exercicis-de-memoria\/\">Exercicis de Mem\u00f2ria<\/a><\/h2>\n\t\t\t\t\n\t\t\t\t<p class=\"post-meta\">  <span class=\"published\">Ene 26, 2011<\/span>    <\/p> <a href=\"https:\/\/artglobalizationinterculturality.com\/es\/exhibiciones\/exercicis-de-memoria\/\" class=\"more-link\" >leer m\u00e1s<\/a>\t\t\t\n\t\t\t<\/article> <!-- .et_pb_post -->\n\t\n\t\t\t<article id=\"post-6264\" class=\"et_pb_post_type et_pb_post_type_exhibitions et_pb_post post-6264 exhibitions type-exhibitions status-publish has-post-thumbnail hentry category-exhibiciones\">\n\n\t\t\t<div class=\"et_pb_image_container\"><a  href=\"https:\/\/artglobalizationinterculturality.com\/es\/exhibiciones\/fuego-diverso-bruno-serralongue\/\" class=\"entry-featured-image-url\"><img decoding=\"async\" src=\"https:\/\/artglobalizationinterculturality.com\/wp-content\/uploads\/2017\/08\/agi-exhibition-2010-fuego-diverso-bruno-serralongue-768x406.jpg\" class=\"\" alt=\"Fuego Diverso. Bruno Serralongue\" title=\"Fuego Diverso. Bruno Serralongue\" \/><\/a><\/div> <!-- .et_pb_image_container -->\n\t\t\t\t\t\t\t\t\t\t\t\t<h2 class=\"entry-title\"><a href=\"https:\/\/artglobalizationinterculturality.com\/es\/exhibiciones\/fuego-diverso-bruno-serralongue\/\">Fuego Diverso. Bruno Serralongue<\/a><\/h2>\n\t\t\t\t\n\t\t\t\t<p class=\"post-meta\">  <span class=\"published\">Nov 30, 2010<\/span>    <\/p> <a href=\"https:\/\/artglobalizationinterculturality.com\/es\/exhibiciones\/fuego-diverso-bruno-serralongue\/\" class=\"more-link\" >leer m\u00e1s<\/a>\t\t\t\n\t\t\t<\/article> <!-- .et_pb_post -->\n\t\n\t\t\t<article id=\"post-6266\" class=\"et_pb_post_type et_pb_post_type_exhibitions et_pb_post post-6266 exhibitions type-exhibitions status-publish has-post-thumbnail hentry category-exhibiciones\">\n\n\t\t\t<div class=\"et_pb_image_container\"><a  href=\"https:\/\/artglobalizationinterculturality.com\/es\/exhibiciones\/antifotoperiodismo\/\" class=\"entry-featured-image-url\"><img decoding=\"async\" src=\"https:\/\/artglobalizationinterculturality.com\/wp-content\/uploads\/2010\/07\/agi-exhibition-2010-antifotoperiodismo-768x406.jpg\" class=\"\" alt=\"Antifotoperiodismo\" title=\"Antifotoperiodismo\" \/><\/a><\/div> <!-- .et_pb_image_container -->\n\t\t\t\t\t\t\t\t\t\t\t\t<h2 class=\"entry-title\"><a href=\"https:\/\/artglobalizationinterculturality.com\/es\/exhibiciones\/antifotoperiodismo\/\">Antifotoperiodismo<\/a><\/h2>\n\t\t\t\t\n\t\t\t\t<p class=\"post-meta\">  <span class=\"published\">Jul 6, 2010<\/span>    <\/p> <a href=\"https:\/\/artglobalizationinterculturality.com\/es\/exhibiciones\/antifotoperiodismo\/\" class=\"more-link\" >leer m\u00e1s<\/a>\t\t\t\n\t\t\t<\/article> <!-- .et_pb_post -->\n\t\n\t\t\t<article id=\"post-6258\" class=\"et_pb_post_type et_pb_post_type_exhibitions et_pb_post post-6258 exhibitions type-exhibitions status-publish has-post-thumbnail hentry category-exhibiciones\">\n\n\t\t\t<div class=\"et_pb_image_container\"><a  href=\"https:\/\/artglobalizationinterculturality.com\/es\/exhibiciones\/claude-cahun\/\" class=\"entry-featured-image-url\"><img decoding=\"async\" src=\"https:\/\/artglobalizationinterculturality.com\/wp-content\/uploads\/2011\/05\/agi-exhibition-2011-claude-cahun-03-768x406.jpg\" class=\"\" alt=\"Claude Cahun\" title=\"Claude Cahun\" \/><\/a><\/div> <!-- .et_pb_image_container -->\n\t\t\t\t\t\t\t\t\t\t\t\t<h2 class=\"entry-title\"><a href=\"https:\/\/artglobalizationinterculturality.com\/es\/exhibiciones\/claude-cahun\/\">Claude Cahun<\/a><\/h2>\n\t\t\t\t\n\t\t\t\t<p class=\"post-meta\">  <span class=\"published\">May 24, 2011<\/span>    <\/p> <a href=\"https:\/\/artglobalizationinterculturality.com\/es\/exhibiciones\/claude-cahun\/\" class=\"more-link\" >leer m\u00e1s<\/a>\t\t\t\n\t\t\t<\/article> <!-- .et_pb_post -->\n\t\n\t\t\t<article id=\"post-6268\" class=\"et_pb_post_type et_pb_post_type_exhibitions et_pb_post post-6268 exhibitions type-exhibitions status-publish has-post-thumbnail hentry category-exhibiciones\">\n\n\t\t\t<div class=\"et_pb_image_container\"><a  href=\"https:\/\/artglobalizationinterculturality.com\/es\/exhibiciones\/guia-secreta-de-la-rambla\/\" class=\"entry-featured-image-url\"><img decoding=\"async\" src=\"https:\/\/artglobalizationinterculturality.com\/wp-content\/uploads\/2017\/08\/agi-exhibition-2010-guia-secreta-de-la-rambla-768x406.jpg\" class=\"\" alt=\"Gu\u00eda Secreta de La Rambla\" title=\"Gu\u00eda Secreta de La Rambla\" \/><\/a><\/div> <!-- .et_pb_image_container -->\n\t\t\t\t\t\t\t\t\t\t\t\t<h2 class=\"entry-title\"><a href=\"https:\/\/artglobalizationinterculturality.com\/es\/exhibiciones\/guia-secreta-de-la-rambla\/\">Gu\u00eda Secreta de La Rambla<\/a><\/h2>\n\t\t\t\t\n\t\t\t\t<p class=\"post-meta\">  <span class=\"published\">Mar 26, 2010<\/span>    <\/p> <a href=\"https:\/\/artglobalizationinterculturality.com\/es\/exhibiciones\/guia-secreta-de-la-rambla\/\" class=\"more-link\" >leer m\u00e1s<\/a>\t\t\t\n\t\t\t<\/article> <!-- .et_pb_post -->\n\t\n\t\t\t<article id=\"post-6270\" class=\"et_pb_post_type et_pb_post_type_exhibitions et_pb_post post-6270 exhibitions type-exhibitions status-publish has-post-thumbnail hentry category-exhibiciones\">\n\n\t\t\t<div class=\"et_pb_image_container\"><a  href=\"https:\/\/artglobalizationinterculturality.com\/es\/exhibiciones\/la-memoria-del-otro-en-la-era-de-lo-global\/\" class=\"entry-featured-image-url\"><img decoding=\"async\" src=\"https:\/\/artglobalizationinterculturality.com\/wp-content\/uploads\/2017\/08\/agi-exhibition-2009-la-memoria-del-otro-en-la-era-de-lo-global-768x406.jpg\" class=\"\" alt=\"La Memoria del Otro en la Era de lo Global\" title=\"La Memoria del Otro en la Era de lo Global\" \/><\/a><\/div> <!-- .et_pb_image_container -->\n\t\t\t\t\t\t\t\t\t\t\t\t<h2 class=\"entry-title\"><a href=\"https:\/\/artglobalizationinterculturality.com\/es\/exhibiciones\/la-memoria-del-otro-en-la-era-de-lo-global\/\">La Memoria del Otro en la Era de lo Global<\/a><\/h2>\n\t\t\t\t\n\t\t\t\t<p class=\"post-meta\">  <span class=\"published\">Sep 10, 2009<\/span>    <\/p> <a href=\"https:\/\/artglobalizationinterculturality.com\/es\/exhibiciones\/la-memoria-del-otro-en-la-era-de-lo-global\/\" class=\"more-link\" >leer m\u00e1s<\/a>\t\t\t\n\t\t\t<\/article> <!-- .et_pb_post -->\n\t\n\t\t\t<article id=\"post-6272\" class=\"et_pb_post_type et_pb_post_type_exhibitions et_pb_post post-6272 exhibitions type-exhibitions status-publish has-post-thumbnail hentry category-exhibiciones\">\n\n\t\t\t<div class=\"et_pb_image_container\"><a  href=\"https:\/\/artglobalizationinterculturality.com\/es\/exhibiciones\/martha-rosler-la-casa-la-calle-la-cocina\/\" class=\"entry-featured-image-url\"><img decoding=\"async\" src=\"https:\/\/artglobalizationinterculturality.com\/wp-content\/uploads\/2017\/08\/agi-exhibition-2009-martha-rosler-la-casa-la-calle-la-cocina-768x406.jpg\" class=\"\" alt=\"Martha Rosler: la casa, la calle, la cocina\" title=\"Martha Rosler: la casa, la calle, la cocina\" \/><\/a><\/div> <!-- .et_pb_image_container -->\n\t\t\t\t\t\t\t\t\t\t\t\t<h2 class=\"entry-title\"><a href=\"https:\/\/artglobalizationinterculturality.com\/es\/exhibiciones\/martha-rosler-la-casa-la-calle-la-cocina\/\">Martha Rosler: la casa, la calle, la cocina<\/a><\/h2>\n\t\t\t\t\n\t\t\t\t<p class=\"post-meta\">  <span class=\"published\">Ene 29, 2009<\/span>    <\/p> <a href=\"https:\/\/artglobalizationinterculturality.com\/es\/exhibiciones\/martha-rosler-la-casa-la-calle-la-cocina\/\" class=\"more-link\" >leer m\u00e1s<\/a>\t\t\t\n\t\t\t<\/article> <!-- .et_pb_post -->\n\t\n\t\t\t<article id=\"post-6274\" class=\"et_pb_post_type et_pb_post_type_exhibitions et_pb_post post-6274 exhibitions type-exhibitions status-publish has-post-thumbnail hentry category-exhibiciones\">\n\n\t\t\t<div class=\"et_pb_image_container\"><a  href=\"https:\/\/artglobalizationinterculturality.com\/es\/exhibiciones\/esto-no-es-una-exposicion\/\" class=\"entry-featured-image-url\"><img decoding=\"async\" src=\"https:\/\/artglobalizationinterculturality.com\/wp-content\/uploads\/2008\/03\/agi-exhibition-2008-esto-no-es-una-exposicion-02-768x406.jpg\" class=\"\" alt=\"Esto no es una Exposici\u00f3n\" title=\"Esto no es una Exposici\u00f3n\" \/><\/a><\/div> <!-- .et_pb_image_container -->\n\t\t\t\t\t\t\t\t\t\t\t\t<h2 class=\"entry-title\"><a href=\"https:\/\/artglobalizationinterculturality.com\/es\/exhibiciones\/esto-no-es-una-exposicion\/\">Esto no es una Exposici\u00f3n<\/a><\/h2>\n\t\t\t\t\n\t\t\t\t<p class=\"post-meta\">  <span class=\"published\">Mar 1, 2008<\/span>    <\/p> <a href=\"https:\/\/artglobalizationinterculturality.com\/es\/exhibiciones\/esto-no-es-una-exposicion\/\" class=\"more-link\" >leer m\u00e1s<\/a>\t\t\t\n\t\t\t<\/article> <!-- .et_pb_post -->\n\t\n\t\t\t<article id=\"post-6276\" class=\"et_pb_post_type et_pb_post_type_exhibitions et_pb_post post-6276 exhibitions type-exhibitions status-publish has-post-thumbnail hentry category-exhibiciones\">\n\n\t\t\t<div class=\"et_pb_image_container\"><a  href=\"https:\/\/artglobalizationinterculturality.com\/es\/exhibiciones\/zona-b-en-los-margenes-de-europa\/\" class=\"entry-featured-image-url\"><img decoding=\"async\" src=\"https:\/\/artglobalizationinterculturality.com\/wp-content\/uploads\/2007\/03\/agi-exhibition-2007-zona-b-en-los-margenes-de-europa-768x406.jpg\" class=\"\" alt=\"Zona B: En los M\u00e1rgenes de Europa\" title=\"Zona B: En los M\u00e1rgenes de Europa\" \/><\/a><\/div> <!-- .et_pb_image_container -->\n\t\t\t\t\t\t\t\t\t\t\t\t<h2 class=\"entry-title\"><a href=\"https:\/\/artglobalizationinterculturality.com\/es\/exhibiciones\/zona-b-en-los-margenes-de-europa\/\">Zona B: En los M\u00e1rgenes de Europa<\/a><\/h2>\n\t\t\t\t\n\t\t\t\t<p class=\"post-meta\">  <span class=\"published\">Mar 10, 2007<\/span>    <\/p> <a href=\"https:\/\/artglobalizationinterculturality.com\/es\/exhibiciones\/zona-b-en-los-margenes-de-europa\/\" class=\"more-link\" >leer m\u00e1s<\/a>\t\t\t\n\t\t\t<\/article> <!-- .et_pb_post -->\n\t\n\t\t\t<article id=\"post-6278\" class=\"et_pb_post_type et_pb_post_type_exhibitions et_pb_post post-6278 exhibitions type-exhibitions status-publish has-post-thumbnail hentry category-exhibiciones\">\n\n\t\t\t<div class=\"et_pb_image_container\"><a  href=\"https:\/\/artglobalizationinterculturality.com\/es\/exhibiciones\/joaquim-jorda-cine-de-situacion\/\" class=\"entry-featured-image-url\"><img decoding=\"async\" src=\"https:\/\/artglobalizationinterculturality.com\/wp-content\/uploads\/2017\/08\/agi-exhibition-2006-joaquim-jorda-cine-de-situacion-02-768x406.jpg\" class=\"\" alt=\"Joaquim Jord\u00e0. Cine de Situaci\u00f3n\" title=\"Joaquim Jord\u00e0. Cine de Situaci\u00f3n\" \/><\/a><\/div> <!-- .et_pb_image_container -->\n\t\t\t\t\t\t\t\t\t\t\t\t<h2 class=\"entry-title\"><a href=\"https:\/\/artglobalizationinterculturality.com\/es\/exhibiciones\/joaquim-jorda-cine-de-situacion\/\">Joaquim Jord\u00e0. Cine de Situaci\u00f3n<\/a><\/h2>\n\t\t\t\t\n\t\t\t\t<p class=\"post-meta\">  <span class=\"published\">Abr 19, 2006<\/span>    <\/p> <a href=\"https:\/\/artglobalizationinterculturality.com\/es\/exhibiciones\/joaquim-jorda-cine-de-situacion\/\" class=\"more-link\" >leer m\u00e1s<\/a>\t\t\t\n\t\t\t<\/article> <!-- .et_pb_post -->\n\t\n\t\t\t<\/div> <!-- .et_pb_posts --><\/div>[\/et_pb_column][\/et_pb_row][\/et_pb_section]<\/p>\n","protected":false},"excerpt":{"rendered":"<p>[wpseo_breadcrumb] <div class=\"et_pb_row et_pb_row_0 et_pb_row_empty\">\n\t\t\t\t\n\t\t\t\t\n\t\t\t\t\n\t\t\t\t\n\t\t\t\t\n\t\t\t<\/div><\/p>\n","protected":false},"author":1,"featured_media":0,"parent":5283,"menu_order":0,"comment_status":"closed","ping_status":"closed","template":"","meta":{"_seopress_robots_primary_cat":"","_seopress_titles_title":"Gu\u00eda r\u00e1pida para optimizar tu wpseo_breadcrumb","_seopress_titles_desc":"Descubre c\u00f3mo wpseo_breadcrumb mejora el SEO y la experiencia del usuario con rutas de navegaci\u00f3n claras y optimizadas.","_seopress_robots_index":"","_et_pb_use_builder":"on","_et_pb_old_content":"","_et_gb_content_width":"","footnotes":""},"class_list":["post-5412","page","type-page","status-publish","hentry"],"_links":{"self":[{"href":"https:\/\/artglobalizationinterculturality.com\/es\/wp-json\/wp\/v2\/pages\/5412","targetHints":{"allow":["GET"]}}],"collection":[{"href":"https:\/\/artglobalizationinterculturality.com\/es\/wp-json\/wp\/v2\/pages"}],"about":[{"href":"https:\/\/artglobalizationinterculturality.com\/es\/wp-json\/wp\/v2\/types\/page"}],"author":[{"embeddable":true,"href":"https:\/\/artglobalizationinterculturality.com\/es\/wp-json\/wp\/v2\/users\/1"}],"replies":[{"embeddable":true,"href":"https:\/\/artglobalizationinterculturality.com\/es\/wp-json\/wp\/v2\/comments?post=5412"}],"version-history":[{"count":3,"href":"https:\/\/artglobalizationinterculturality.com\/es\/wp-json\/wp\/v2\/pages\/5412\/revisions"}],"predecessor-version":[{"id":6124,"href":"https:\/\/artglobalizationinterculturality.com\/es\/wp-json\/wp\/v2\/pages\/5412\/revisions\/6124"}],"up":[{"embeddable":true,"href":"https:\/\/artglobalizationinterculturality.com\/es\/wp-json\/wp\/v2\/pages\/5283"}],"wp:attachment":[{"href":"https:\/\/artglobalizationinterculturality.com\/es\/wp-json\/wp\/v2\/media?parent=5412"}],"curies":[{"name":"wp","href":"https:\/\/api.w.org\/{rel}","templated":true}]}}