{"id":5291,"date":"2018-01-16T22:24:39","date_gmt":"2018-01-16T22:24:39","guid":{"rendered":"https:\/\/artglobalizationinterculturality.com\/?page_id=5291"},"modified":"2018-01-16T22:24:39","modified_gmt":"2018-01-16T22:24:39","slug":"contacto","status":"publish","type":"page","link":"https:\/\/artglobalizationinterculturality.com\/es\/contacto\/","title":{"rendered":"Contacto"},"content":{"rendered":"<p>[et_pb_section bb_built=\u00bb1&#8243; admin_label=\u00bbContact Form Section\u00bb fullwidth=\u00bboff\u00bb specialty=\u00bboff\u00bb background_image=\u00bbhttps:\/\/artglobalizationinterculturality.com\/wp-content\/uploads\/2015\/09\/art-globalization-interculturality-contact-banner.jpg\u00bb parallax=\u00bbon\u00bb parallax_method=\u00bboff\u00bb padding_mobile=\u00bboff\u00bb module_id=\u00bbcontact\u00bb collapsed=\u00bboff\u00bb _builder_version=\u00bb3.0.66&#8243; custom_padding_tablet=\u00bb50px|0|50px|0&#8243; custom_padding_last_edited=\u00bbon|desktop\u00bb][et_pb_row make_fullwidth=\u00bboff\u00bb use_custom_width=\u00bboff\u00bb width_unit=\u00bbon\u00bb use_custom_gutter=\u00bboff\u00bb custom_padding=\u00bb5%||5%|\u00bb padding_mobile=\u00bboff\u00bb allow_player_pause=\u00bboff\u00bb parallax=\u00bboff\u00bb parallax_method=\u00bboff\u00bb make_equal=\u00bboff\u00bb parallax_1=\u00bboff\u00bb parallax_method_1=\u00bboff\u00bb column_padding_mobile=\u00bbon\u00bb background_position=\u00bbtop_left\u00bb background_repeat=\u00bbrepeat\u00bb background_size=\u00bbinitial\u00bb _builder_version=\u00bb3.0.66&#8243;][et_pb_column type=\u00bb4_4&#8243;][et_pb_cta admin_label=\u00bbContact Heading\u00bb url_new_window=\u00bboff\u00bb use_background_color=\u00bboff\u00bb background_color=\u00bb#fcbf00&#8243; background_layout=\u00bbdark\u00bb header_font_size_last_edited=\u00bbon|desktop\u00bb border_style=\u00bbsolid\u00bb custom_button=\u00bboff\u00bb button_letter_spacing=\u00bb0&#8243; button_icon_placement=\u00bbright\u00bb button_letter_spacing_hover=\u00bb0&#8243; header_font_size=\u00bb46&#8243; header_font_size_phone=\u00bb30&#8243; button_border_radius=\u00bb0&#8243; custom_margin=\u00bb||0px|\u00bb custom_padding=\u00bb||0px|\u00bb header_font=\u00bb|||on|\u00bb header_text_color=\u00bb#4f5c62&#8243; header_line_height=\u00bb1.4em\u00bb body_font=\u00bbOpen Sans||||\u00bb body_font_size=\u00bb16&#8243; body_line_height=\u00bb1.5em\u00bb custom_css_promo_title=\u00bbfont-weight:800;\u00bb body_text_color=\u00bb#666666&#8243; background_position=\u00bbtop_left\u00bb background_repeat=\u00bbrepeat\u00bb background_size=\u00bbinitial\u00bb _builder_version=\u00bb3.0.66&#8243; button_border_width=\u00bb0&#8243; button_border_radius_hover=\u00bb0&#8243;]<\/p>\n<h2><span style=\"color: #ffffff;\">CONTACT US<\/span><\/h2>\n<p>[\/et_pb_cta][et_pb_contact_form captcha=\u00bbon\u00bb email=\u00bbartglobalage@gmail.com\u00bb use_border_color=\u00bbon\u00bb border_style=\u00bbsolid\u00bb custom_button=\u00bboff\u00bb button_letter_spacing=\u00bb0&#8243; button_icon_placement=\u00bbright\u00bb button_letter_spacing_hover=\u00bb0&#8243; form_background_color=\u00bbrgba(79,92,98,0.8)\u00bb form_field_text_color=\u00bb#ffffff\u00bb _builder_version=\u00bb3.0.66&#8243; use_redirect=\u00bboff\u00bb input_border_radius=\u00bb0&#8243; button_border_width=\u00bb0&#8243; button_border_radius=\u00bb0&#8243; button_border_radius_hover=\u00bb0&#8243; border_color_all=\u00bb#ffffff\u00bb border_width_all=\u00bb1px\u00bb border_style_all=\u00bbsolid\u00bb border_radii=\u00bbon|0px|0px|0px|0px\u00bb][et_pb_contact_field field_title=\u00bbName\u00bb field_type=\u00bbinput\u00bb field_id=\u00bbName\u00bb required_mark=\u00bbon\u00bb fullwidth_field=\u00bboff\u00bb \/][et_pb_contact_field field_title=\u00bbEmail Address\u00bb field_type=\u00bbemail\u00bb field_id=\u00bbEmail\u00bb required_mark=\u00bbon\u00bb fullwidth_field=\u00bboff\u00bb \/][et_pb_contact_field field_title=\u00bbMessage\u00bb field_type=\u00bbtext\u00bb field_id=\u00bbMessage\u00bb required_mark=\u00bbon\u00bb fullwidth_field=\u00bbon\u00bb \/][\/et_pb_contact_form][\/et_pb_column][\/et_pb_row][\/et_pb_section][et_pb_section bb_built=\u00bb1&#8243; admin_label=\u00bbInfo Bar Section\u00bb fullwidth=\u00bboff\u00bb specialty=\u00bboff\u00bb background_color=\u00bb#4f5c62&#8243; parallax_method=\u00bboff\u00bb collapsed=\u00bboff\u00bb _builder_version=\u00bb3.0.66&#8243; custom_padding=\u00bb||0px|\u00bb][et_pb_row background_position=\u00bbtop_left\u00bb background_repeat=\u00bbrepeat\u00bb background_size=\u00bbinitial\u00bb _builder_version=\u00bb3.0.66&#8243; background_position_1=\u00bbtop_left\u00bb background_repeat_1=\u00bbno-repeat\u00bb background_position_2=\u00bbtop_left\u00bb background_repeat_2=\u00bbno-repeat\u00bb custom_padding=\u00bb||80px|\u00bb][et_pb_column type=\u00bb1_2&#8243;][et_pb_blurb admin_label=\u00bbAddress\u00bb title=\u00bbDepartament d\u2019Hist\u00f2ria de l\u2019Art Facultat de Geografia i Historia, Universitat de Barcelona C\/ Montalegre, 6 08001 Barcelona, Catalonia\u00bb url_new_window=\u00bboff\u00bb use_icon=\u00bbon\u00bb font_icon=\u00bb%%122%%\u00bb icon_color=\u00bb#ffffff\u00bb use_circle=\u00bboff\u00bb circle_color=\u00bb#ffffff\u00bb use_circle_border=\u00bboff\u00bb circle_border_color=\u00bb#7EBEC5&#8243; icon_placement=\u00bbleft\u00bb animation=\u00bboff\u00bb background_layout=\u00bbdark\u00bb use_icon_font_size=\u00bboff\u00bb border_style=\u00bbsolid\u00bb body_font_size=\u00bb20&#8243; background_position=\u00bbtop_left\u00bb background_repeat=\u00bbrepeat\u00bb background_size=\u00bbinitial\u00bb _builder_version=\u00bb3.0.66&#8243; \/][\/et_pb_column][et_pb_column type=\u00bb1_2&#8243;][et_pb_blurb admin_label=\u00bbEmail\u00bb title=\u00bbaguasch@ub.edu\u00bb url_new_window=\u00bboff\u00bb use_icon=\u00bbon\u00bb font_icon=\u00bb%%109%%\u00bb icon_color=\u00bb#ffffff\u00bb use_circle=\u00bboff\u00bb circle_color=\u00bb#ffffff\u00bb use_circle_border=\u00bboff\u00bb circle_border_color=\u00bb#7EBEC5&#8243; icon_placement=\u00bbleft\u00bb animation=\u00bboff\u00bb background_layout=\u00bbdark\u00bb use_icon_font_size=\u00bboff\u00bb body_font_size=\u00bb20&#8243; _builder_version=\u00bb3.0.94&#8243; url=\u00bbmailto:aguasch@ub.edu\u00bb max_width_tablet=\u00bb50px\u00bb \/][\/et_pb_column][\/et_pb_row][\/et_pb_section][et_pb_section bb_built=\u00bb1&#8243; fullwidth=\u00bboff\u00bb specialty=\u00bboff\u00bb _builder_version=\u00bb3.0.66&#8243; custom_padding=\u00bb0px|0px|0px|0px\u00bb][et_pb_row _builder_version=\u00bb3.0.66&#8243; background_position_1=\u00bbtop_left\u00bb background_repeat_1=\u00bbno-repeat\u00bb make_fullwidth=\u00bbon\u00bb custom_margin=\u00bb0px|0px|0px|0px\u00bb padding_top_1=\u00bb0px\u00bb padding_right_1=\u00bb0px\u00bb padding_bottom_1=\u00bb0px\u00bb padding_left_1=\u00bb0px\u00bb custom_padding=\u00bb0px|0px|0px|0px\u00bb][et_pb_column type=\u00bb4_4&#8243;][et_pb_map_extended _builder_version=\u00bb3.0.66&#8243; address=\u00bbDepartament d\u2019Hist\u00f2ria de l\u2019Art Facultat de Geografia i Historia Universitat de Barcelona C\/ Montalegre, 6 08001 Barcelona\u00bb zoom_level=\u00bb13&#8243; address_lat=\u00bb41.3830375769905&#8243; address_lng=\u00bb2.185735624511711&#8243; mouse_wheel=\u00bboff\u00bb mobile_dragging=\u00bbon\u00bb controls_ui=\u00bbon\u00bb map_options=\u00bb11&#8243; map_type=\u00bb1&#8243; info_window_method=\u00bbclick\u00bb info_window=\u00bboff\u00bb marker_animation=\u00bboff\u00bb bounce_on_click_on_off=\u00bboff\u00bb map_height_on_off=\u00bboff\u00bb use_grayscale_filter=\u00bboff\u00bb grayscale_filter_amount=\u00bb0&#8243; custom_margin=\u00bb0px|0px|0px|0px\u00bb custom_padding=\u00bb0px|0px|0px|0px\u00bb][et_pb_map_pin_extended title=\u00bbUniversitat de Barcelona\u00bb pin_address=\u00bbGran Via de les Corts Catalanes, 585, 08007 Barcelona, Spain\u00bb pin_address_lat=\u00bb41.3856135&#8243; pin_address_lng=\u00bb2.162733000000003&#8243; pin_on_off=\u00bboff\u00bb \/][\/et_pb_map_extended][\/et_pb_column][\/et_pb_row][\/et_pb_section]<\/p>\n","protected":false},"excerpt":{"rendered":"<p>CONTACT US<\/p>\n","protected":false},"author":1,"featured_media":0,"parent":0,"menu_order":8,"comment_status":"closed","ping_status":"closed","template":"","meta":{"_seopress_robots_primary_cat":"","_seopress_titles_title":"Cont\u00e1ctanos hoy para obtener m\u00e1s informaci\u00f3n","_seopress_titles_desc":"\u00bfTienes dudas o necesitas ayuda? Cont\u00e1ctanos hoy y recibe atenci\u00f3n personalizada r\u00e1pidamente.","_seopress_robots_index":"","_et_pb_use_builder":"on","_et_pb_old_content":"","_et_gb_content_width":"","footnotes":""},"class_list":["post-5291","page","type-page","status-publish","hentry"],"_links":{"self":[{"href":"https:\/\/artglobalizationinterculturality.com\/es\/wp-json\/wp\/v2\/pages\/5291","targetHints":{"allow":["GET"]}}],"collection":[{"href":"https:\/\/artglobalizationinterculturality.com\/es\/wp-json\/wp\/v2\/pages"}],"about":[{"href":"https:\/\/artglobalizationinterculturality.com\/es\/wp-json\/wp\/v2\/types\/page"}],"author":[{"embeddable":true,"href":"https:\/\/artglobalizationinterculturality.com\/es\/wp-json\/wp\/v2\/users\/1"}],"replies":[{"embeddable":true,"href":"https:\/\/artglobalizationinterculturality.com\/es\/wp-json\/wp\/v2\/comments?post=5291"}],"version-history":[{"count":1,"href":"https:\/\/artglobalizationinterculturality.com\/es\/wp-json\/wp\/v2\/pages\/5291\/revisions"}],"predecessor-version":[{"id":5292,"href":"https:\/\/artglobalizationinterculturality.com\/es\/wp-json\/wp\/v2\/pages\/5291\/revisions\/5292"}],"wp:attachment":[{"href":"https:\/\/artglobalizationinterculturality.com\/es\/wp-json\/wp\/v2\/media?parent=5291"}],"curies":[{"name":"wp","href":"https:\/\/api.w.org\/{rel}","templated":true}]}}