{"id":5264,"date":"2018-01-16T18:09:15","date_gmt":"2018-01-16T18:09:15","guid":{"rendered":"https:\/\/artglobalizationinterculturality.com\/?page_id=5264"},"modified":"2023-12-10T10:05:56","modified_gmt":"2023-12-10T10:05:56","slug":"el-proyecto","status":"publish","type":"page","link":"https:\/\/artglobalizationinterculturality.com\/es\/el-proyecto\/","title":{"rendered":"Proyectos"},"content":{"rendered":"<p>[et_pb_section fb_built=\u00bb1&#8243; fullwidth=\u00bbon\u00bb custom_padding_last_edited=\u00bbon|desktop\u00bb admin_label=\u00bbPage Header Slider Section\u00bb _builder_version=\u00bb4.16&#8243; custom_padding_tablet=\u00bb50px|0|50px|0&#8243; custom_padding_phone=\u00bb\u00bb transparent_background=\u00bboff\u00bb padding_mobile=\u00bboff\u00bb make_fullwidth=\u00bboff\u00bb use_custom_width=\u00bboff\u00bb width_unit=\u00bbon\u00bb collapsed=\u00bboff\u00bb global_colors_info=\u00bb{}\u00bb][et_pb_fullwidth_slider show_pagination=\u00bboff\u00bb _builder_version=\u00bb4.16&#8243; parallax=\u00bbon\u00bb custom_padding=\u00bb400px||0px|\u00bb custom_padding_tablet=\u00bb|||\u00bb auto=\u00bbon\u00bb auto_ignore_hover=\u00bbon\u00bb global_colors_info=\u00bb{}\u00bb button_text_size__hover_enabled=\u00bboff\u00bb button_text_size__hover=\u00bbnull\u00bb button_one_text_size__hover_enabled=\u00bboff\u00bb button_one_text_size__hover=\u00bbnull\u00bb button_two_text_size__hover_enabled=\u00bboff\u00bb button_two_text_size__hover=\u00bbnull\u00bb button_text_color__hover_enabled=\u00bboff\u00bb button_text_color__hover=\u00bbnull\u00bb button_one_text_color__hover_enabled=\u00bboff\u00bb button_one_text_color__hover=\u00bbnull\u00bb button_two_text_color__hover_enabled=\u00bboff\u00bb button_two_text_color__hover=\u00bbnull\u00bb button_border_width__hover_enabled=\u00bboff\u00bb button_border_width__hover=\u00bbnull\u00bb button_one_border_width__hover_enabled=\u00bboff\u00bb button_one_border_width__hover=\u00bbnull\u00bb button_two_border_width__hover_enabled=\u00bboff\u00bb button_two_border_width__hover=\u00bbnull\u00bb button_border_color__hover_enabled=\u00bboff\u00bb button_border_color__hover=\u00bbnull\u00bb button_one_border_color__hover_enabled=\u00bboff\u00bb button_one_border_color__hover=\u00bbnull\u00bb button_two_border_color__hover_enabled=\u00bboff\u00bb button_two_border_color__hover=\u00bbnull\u00bb button_border_radius__hover_enabled=\u00bboff\u00bb button_border_radius__hover=\u00bbnull\u00bb button_one_border_radius__hover_enabled=\u00bboff\u00bb button_one_border_radius__hover=\u00bbnull\u00bb button_two_border_radius__hover_enabled=\u00bboff\u00bb button_two_border_radius__hover=\u00bbnull\u00bb button_letter_spacing__hover_enabled=\u00bboff\u00bb button_letter_spacing__hover=\u00bbnull\u00bb button_one_letter_spacing__hover_enabled=\u00bboff\u00bb button_one_letter_spacing__hover=\u00bbnull\u00bb button_two_letter_spacing__hover_enabled=\u00bboff\u00bb button_two_letter_spacing__hover=\u00bbnull\u00bb button_bg_color__hover_enabled=\u00bboff\u00bb button_bg_color__hover=\u00bbnull\u00bb button_one_bg_color__hover_enabled=\u00bboff\u00bb button_one_bg_color__hover=\u00bbnull\u00bb button_two_bg_color__hover_enabled=\u00bboff\u00bb button_two_bg_color__hover=\u00bbnull\u00bb][et_pb_slide heading=\u00bbPROYECTOS\u00bb use_bg_overlay=\u00bboff\u00bb use_text_overlay=\u00bboff\u00bb _builder_version=\u00bb4.16&#8243; header_font=\u00bb||||\u00bb body_font=\u00bb||||\u00bb background_color=\u00bb#ffffff\u00bb background_image=\u00bbhttps:\/\/artglobalizationinterculturality.com\/wp-content\/uploads\/2019\/01\/arte-globalizacion-interculturalidad-el-proyecto-banner.jpg\u00bb button_on_hover=\u00bbon\u00bb global_colors_info=\u00bb{}\u00bb sticky_transition=\u00bbon\u00bb][\/et_pb_slide][\/et_pb_fullwidth_slider][\/et_pb_section][et_pb_section fb_built=\u00bb1&#8243; _builder_version=\u00bb4.16&#8243; global_colors_info=\u00bb{}\u00bb][et_pb_row _builder_version=\u00bb4.16&#8243; background_size=\u00bbinitial\u00bb background_position=\u00bbtop_left\u00bb background_repeat=\u00bbrepeat\u00bb global_colors_info=\u00bb{}\u00bb][et_pb_column type=\u00bb4_4&#8243; _builder_version=\u00bb4.16&#8243; custom_padding=\u00bb|||\u00bb global_colors_info=\u00bb{}\u00bb custom_padding__hover=\u00bb|||\u00bb]<div class=\"et_pb_cpt_list_wrapper\"><div class=\"et_pb_posts clearfix et_pb_module et_pb_bg_layout_light  et_pb_cpt_archive_0\" data-columns>\n\t\t\t\t\n\t\t\t<article id=\"post-9591\" class=\"et_pb_post_type et_pb_post_type_periods et_pb_post post-9591 periods type-periods status-publish has-post-thumbnail hentry\">\n\n\t\t\t<div class=\"et_pb_cpt_list_image_container\"><a  href=\"https:\/\/artglobalizationinterculturality.com\/es\/periodos\/visualidad-y-geoestetica-en-la-era-de-la-crisis-ecosocial-enfoques-analiticos\/\" class=\"entry-featured-image-url\"><img decoding=\"async\" src=\"https:\/\/artglobalizationinterculturality.com\/wp-content\/uploads\/2024\/11\/art-globalization-interculturality-the-project-2022-2024-02-350x185.jpg\" class=\"\" alt=\"Visualidad y Geoest\u00e9tica en la Era de la Crisis Ecosocial. Enfoques Anal\u00edticos (VIGEO)\" title=\"Visualidad y Geoest\u00e9tica en la Era de la Crisis Ecosocial. Enfoques Anal\u00edticos (VIGEO)\" \/><\/a><\/div> <!-- .et_pb_image_container -->\n\t\t\t\t\t\t\t\t\t\t\t\t<h2 class=\"entry-title\"><a href=\"https:\/\/artglobalizationinterculturality.com\/es\/periodos\/visualidad-y-geoestetica-en-la-era-de-la-crisis-ecosocial-enfoques-analiticos\/\">Visualidad y Geoest\u00e9tica en la Era de la Crisis Ecosocial. Enfoques Anal\u00edticos (VIGEO)<\/a><\/h2>\n\t\t\t\t\n\t\t\t\t<p>Per\u00edodo: 2022-2024<\/p>\n <a href=\"https:\/\/artglobalizationinterculturality.com\/es\/periodos\/visualidad-y-geoestetica-en-la-era-de-la-crisis-ecosocial-enfoques-analiticos\/\" class=\"more-link\" >leer m\u00e1s<\/a>\t\t\t\n\t\t\t<\/article> <!-- .et_pb_post -->\n\t\n\t\t\t<article id=\"post-7360\" class=\"et_pb_post_type et_pb_post_type_periods et_pb_post post-7360 periods type-periods status-publish has-post-thumbnail hentry\">\n\n\t\t\t<div class=\"et_pb_cpt_list_image_container\"><a  href=\"https:\/\/artglobalizationinterculturality.com\/es\/periodos\/cartografia-critica-del-arte-y-la-visualidad-en-la-era-global-parte-iii\/\" class=\"entry-featured-image-url\"><img decoding=\"async\" src=\"https:\/\/artglobalizationinterculturality.com\/wp-content\/uploads\/2017\/09\/art-globalization-interculturality-the-project-2017-2019-350x185.jpg\" class=\"\" alt=\"Cartograf\u00eda Cr\u00edtica del Arte y la Visualidad en la Era Global, Parte III\" title=\"Cartograf\u00eda Cr\u00edtica del Arte y la Visualidad en la Era Global, Parte III\" \/><\/a><\/div> <!-- .et_pb_image_container -->\n\t\t\t\t\t\t\t\t\t\t\t\t<h2 class=\"entry-title\"><a href=\"https:\/\/artglobalizationinterculturality.com\/es\/periodos\/cartografia-critica-del-arte-y-la-visualidad-en-la-era-global-parte-iii\/\">Cartograf\u00eda Cr\u00edtica del Arte y la Visualidad en la Era Global, Parte III<\/a><\/h2>\n\t\t\t\t\n\t\t\t\t<p>Per\u00edodo: 2017-2019<\/p>\n <a href=\"https:\/\/artglobalizationinterculturality.com\/es\/periodos\/cartografia-critica-del-arte-y-la-visualidad-en-la-era-global-parte-iii\/\" class=\"more-link\" >leer m\u00e1s<\/a>\t\t\t\n\t\t\t<\/article> <!-- .et_pb_post -->\n\t\n\t\t\t<article id=\"post-7457\" class=\"et_pb_post_type et_pb_post_type_periods et_pb_post post-7457 periods type-periods status-publish has-post-thumbnail hentry\">\n\n\t\t\t<div class=\"et_pb_cpt_list_image_container\"><a  href=\"https:\/\/artglobalizationinterculturality.com\/es\/periodos\/art-globalitzacio-interculturalitat-agi-art-iii\/\" class=\"entry-featured-image-url\"><img decoding=\"async\" src=\"https:\/\/artglobalizationinterculturality.com\/wp-content\/uploads\/2019\/01\/art-globalization-interculturality-the-project-1-350x185.jpg\" class=\"\" alt=\"Art, Globalitzaci\u00f3, Interculturalitat (AGI\/ART III)\" title=\"Art, Globalitzaci\u00f3, Interculturalitat (AGI\/ART III)\" \/><\/a><\/div> <!-- .et_pb_image_container -->\n\t\t\t\t\t\t\t\t\t\t\t\t<h2 class=\"entry-title\"><a href=\"https:\/\/artglobalizationinterculturality.com\/es\/periodos\/art-globalitzacio-interculturalitat-agi-art-iii\/\">Art, Globalitzaci\u00f3, Interculturalitat (AGI\/ART III)<\/a><\/h2>\n\t\t\t\t\n\t\t\t\t<p>Per\u00edodo: 2017:SGR<\/p>\n <a href=\"https:\/\/artglobalizationinterculturality.com\/es\/periodos\/art-globalitzacio-interculturalitat-agi-art-iii\/\" class=\"more-link\" >leer m\u00e1s<\/a>\t\t\t\n\t\t\t<\/article> <!-- .et_pb_post -->\n\t\n\t\t\t<article id=\"post-7364\" class=\"et_pb_post_type et_pb_post_type_periods et_pb_post post-7364 periods type-periods status-publish has-post-thumbnail hentry\">\n\n\t\t\t<div class=\"et_pb_cpt_list_image_container\"><a  href=\"https:\/\/artglobalizationinterculturality.com\/es\/periodos\/arte-globalizacion-interculturalidad\/\" class=\"entry-featured-image-url\"><img decoding=\"async\" src=\"https:\/\/artglobalizationinterculturality.com\/wp-content\/uploads\/2017\/09\/agi-the-rise-of-global-art-a-geopolitical-view-on-the-international-art-system-350x185.jpg\" class=\"\" alt=\"Arte, Globalizaci\u00f3n, Interculturalidad\" title=\"Arte, Globalizaci\u00f3n, Interculturalidad\" \/><\/a><\/div> <!-- .et_pb_image_container -->\n\t\t\t\t\t\t\t\t\t\t\t\t<h2 class=\"entry-title\"><a href=\"https:\/\/artglobalizationinterculturality.com\/es\/periodos\/arte-globalizacion-interculturalidad\/\">Arte, Globalizaci\u00f3n, Interculturalidad<\/a><\/h2>\n\t\t\t\t\n\t\t\t\t<p>Per\u00edodo: 2014-2016:SGR<\/p>\n <a href=\"https:\/\/artglobalizationinterculturality.com\/es\/periodos\/arte-globalizacion-interculturalidad\/\" class=\"more-link\" >leer m\u00e1s<\/a>\t\t\t\n\t\t\t<\/article> <!-- .et_pb_post -->\n\t\n\t\t\t<article id=\"post-7367\" class=\"et_pb_post_type et_pb_post_type_periods et_pb_post post-7367 periods type-periods status-publish has-post-thumbnail hentry\">\n\n\t\t\t<div class=\"et_pb_cpt_list_image_container\"><a  href=\"https:\/\/artglobalizationinterculturality.com\/es\/periodos\/cartografia-critica-del-arte-y-la-visualidad-en-la-era-global-parte-ii\/\" class=\"entry-featured-image-url\"><img decoding=\"async\" src=\"https:\/\/artglobalizationinterculturality.com\/wp-content\/uploads\/2015\/10\/agi-conference-2016-critical-cartography-of-art-and-visuality-in-the-global-age-geoaesthetics-politics-and-labour-350x185.jpg\" class=\"\" alt=\"Cartograf\u00eda Cr\u00edtica del Arte y la Visualidad en la Era Global, Parte II\" title=\"Cartograf\u00eda Cr\u00edtica del Arte y la Visualidad en la Era Global, Parte II\" \/><\/a><\/div> <!-- .et_pb_image_container -->\n\t\t\t\t\t\t\t\t\t\t\t\t<h2 class=\"entry-title\"><a href=\"https:\/\/artglobalizationinterculturality.com\/es\/periodos\/cartografia-critica-del-arte-y-la-visualidad-en-la-era-global-parte-ii\/\">Cartograf\u00eda Cr\u00edtica del Arte y la Visualidad en la Era Global, Parte II<\/a><\/h2>\n\t\t\t\t\n\t\t\t\t<p>Per\u00edodo: 2014-2016<\/p>\n <a href=\"https:\/\/artglobalizationinterculturality.com\/es\/periodos\/cartografia-critica-del-arte-y-la-visualidad-en-la-era-global-parte-ii\/\" class=\"more-link\" >leer m\u00e1s<\/a>\t\t\t\n\t\t\t<\/article> <!-- .et_pb_post -->\n\t\n\t\t\t<article id=\"post-7370\" class=\"et_pb_post_type et_pb_post_type_periods et_pb_post post-7370 periods type-periods status-publish has-post-thumbnail hentry\">\n\n\t\t\t<div class=\"et_pb_cpt_list_image_container\"><a  href=\"https:\/\/artglobalizationinterculturality.com\/es\/periodos\/cartografia-critica-del-arte-y-la-visualidad-en-la-era-global-parte-i\/\" class=\"entry-featured-image-url\"><img decoding=\"async\" src=\"https:\/\/artglobalizationinterculturality.com\/wp-content\/uploads\/2013\/04\/agi-conference-2013-critical-cartography-of-art-and-visuality-in-the-global-age-geoaesthetics-politics-and-labour-350x185.jpg\" class=\"\" alt=\"Cartograf\u00eda Cr\u00edtica del Arte y la Visualidad en la Era Global, Parte I\" title=\"Cartograf\u00eda Cr\u00edtica del Arte y la Visualidad en la Era Global, Parte I\" \/><\/a><\/div> <!-- .et_pb_image_container -->\n\t\t\t\t\t\t\t\t\t\t\t\t<h2 class=\"entry-title\"><a href=\"https:\/\/artglobalizationinterculturality.com\/es\/periodos\/cartografia-critica-del-arte-y-la-visualidad-en-la-era-global-parte-i\/\">Cartograf\u00eda Cr\u00edtica del Arte y la Visualidad en la Era Global, Parte I<\/a><\/h2>\n\t\t\t\t\n\t\t\t\t<p>Per\u00edodo: 2010-2013<\/p>\n <a href=\"https:\/\/artglobalizationinterculturality.com\/es\/periodos\/cartografia-critica-del-arte-y-la-visualidad-en-la-era-global-parte-i\/\" class=\"more-link\" >leer m\u00e1s<\/a>\t\t\t\n\t\t\t<\/article> <!-- .et_pb_post -->\n\t\n\t\t\t<article id=\"post-7373\" class=\"et_pb_post_type et_pb_post_type_periods et_pb_post post-7373 periods type-periods status-publish has-post-thumbnail hentry\">\n\n\t\t\t<div class=\"et_pb_cpt_list_image_container\"><a  href=\"https:\/\/artglobalizationinterculturality.com\/es\/periodos\/nuevas-tipologias-criticas-en-el-estudio-de-las-practicas-artisticas-contemporaneas\/\" class=\"entry-featured-image-url\"><img decoding=\"async\" src=\"https:\/\/artglobalizationinterculturality.com\/wp-content\/uploads\/2017\/09\/art-globalization-interculturality-the-project-2008-2010-350x185.jpg\" class=\"\" alt=\"Nuevas Tipolog\u00edas Cr\u00edticas en el Estudio de las Pr\u00e1cticas Art\u00edsticas Contempor\u00e1neas\" title=\"Nuevas Tipolog\u00edas Cr\u00edticas en el Estudio de las Pr\u00e1cticas Art\u00edsticas Contempor\u00e1neas\" \/><\/a><\/div> <!-- .et_pb_image_container -->\n\t\t\t\t\t\t\t\t\t\t\t\t<h2 class=\"entry-title\"><a href=\"https:\/\/artglobalizationinterculturality.com\/es\/periodos\/nuevas-tipologias-criticas-en-el-estudio-de-las-practicas-artisticas-contemporaneas\/\">Nuevas Tipolog\u00edas Cr\u00edticas en el Estudio de las Pr\u00e1cticas Art\u00edsticas Contempor\u00e1neas<\/a><\/h2>\n\t\t\t\t\n\t\t\t\t<p>Per\u00edodo: 2008-2010<\/p>\n <a href=\"https:\/\/artglobalizationinterculturality.com\/es\/periodos\/nuevas-tipologias-criticas-en-el-estudio-de-las-practicas-artisticas-contemporaneas\/\" class=\"more-link\" >leer m\u00e1s<\/a>\t\t\t\n\t\t\t<\/article> <!-- .et_pb_post -->\n\t\n\t\t\t<\/div> <!-- .et_pb_posts --><\/div>[et_pb_text admin_label=\u00bbTexto\u00bb _builder_version=\u00bb4.16&#8243; border_style=\u00bbsolid\u00bb global_colors_info=\u00bb{}\u00bb]<\/p>\n<p>\nImagen Superior Cortes\u00eda de: Wilfredo Prieto<\/p>\n<p>[\/et_pb_text][\/et_pb_column][\/et_pb_row][\/et_pb_section]<\/p>\n","protected":false},"excerpt":{"rendered":"<p>Imagen Superior Cortes\u00eda de: Wilfredo Prieto<\/p>\n","protected":false},"author":1,"featured_media":0,"parent":0,"menu_order":1,"comment_status":"closed","ping_status":"closed","template":"","meta":{"_seopress_robots_primary_cat":"","_seopress_titles_title":"Obra destacada de Wilfredo Prieto","_seopress_titles_desc":"Descubre la creatividad y el ingenio en la imagen superior cortes\u00eda de Wilfredo Prieto, una muestra \u00fanica de arte contempor\u00e1neo.","_seopress_robots_index":"","_et_pb_use_builder":"on","_et_pb_old_content":"","_et_gb_content_width":"","footnotes":""},"class_list":["post-5264","page","type-page","status-publish","hentry"],"_links":{"self":[{"href":"https:\/\/artglobalizationinterculturality.com\/es\/wp-json\/wp\/v2\/pages\/5264","targetHints":{"allow":["GET"]}}],"collection":[{"href":"https:\/\/artglobalizationinterculturality.com\/es\/wp-json\/wp\/v2\/pages"}],"about":[{"href":"https:\/\/artglobalizationinterculturality.com\/es\/wp-json\/wp\/v2\/types\/page"}],"author":[{"embeddable":true,"href":"https:\/\/artglobalizationinterculturality.com\/es\/wp-json\/wp\/v2\/users\/1"}],"replies":[{"embeddable":true,"href":"https:\/\/artglobalizationinterculturality.com\/es\/wp-json\/wp\/v2\/comments?post=5264"}],"version-history":[{"count":12,"href":"https:\/\/artglobalizationinterculturality.com\/es\/wp-json\/wp\/v2\/pages\/5264\/revisions"}],"predecessor-version":[{"id":9282,"href":"https:\/\/artglobalizationinterculturality.com\/es\/wp-json\/wp\/v2\/pages\/5264\/revisions\/9282"}],"wp:attachment":[{"href":"https:\/\/artglobalizationinterculturality.com\/es\/wp-json\/wp\/v2\/media?parent=5264"}],"curies":[{"name":"wp","href":"https:\/\/api.w.org\/{rel}","templated":true}]}}