{"id":4554,"date":"2015-09-21T15:08:13","date_gmt":"2015-09-21T15:08:13","guid":{"rendered":"https:\/\/artglobalizationinterculturality.com\/es-home\/"},"modified":"2024-11-25T21:20:25","modified_gmt":"2024-11-25T21:20:25","slug":"home","status":"publish","type":"page","link":"https:\/\/artglobalizationinterculturality.com\/es\/","title":{"rendered":"Home"},"content":{"rendered":"<p>[et_pb_section fb_built=\u00bb1&#8243; fullwidth=\u00bbon\u00bb custom_padding_last_edited=\u00bbon|desktop\u00bb admin_label=\u00bbPage Header Slider Section\u00bb _builder_version=\u00bb4.19.5&#8243; background_color=\u00bb#F4C619&#8243; custom_padding_tablet=\u00bb50px|0|50px|0&#8243; custom_padding_phone=\u00bb\u00bb custom_css_main_element=\u00bbheight: auto !important;\u00bb padding_mobile=\u00bboff\u00bb collapsed=\u00bboff\u00bb global_colors_info=\u00bb{}\u00bb][et_pb_fullwidth_slider show_pagination=\u00bboff\u00bb module_class=\u00bbhome-slider\u00bb _builder_version=\u00bb4.18.0&#8243; parallax=\u00bbon\u00bb custom_padding=\u00bb400px||0px|\u00bb custom_padding_tablet=\u00bb|||\u00bb auto=\u00bbon\u00bb auto_ignore_hover=\u00bbon\u00bb box_shadow_style=\u00bbpreset6&#8243; box_shadow_blur=\u00bb10px\u00bb box_shadow_color=\u00bbrgba(0,0,0,0.1)\u00bb show_inner_shadow=\u00bbon\u00bb global_colors_info=\u00bb{}\u00bb button_text_size__hover_enabled=\u00bboff\u00bb button_text_size__hover=\u00bbnull\u00bb button_one_text_size__hover_enabled=\u00bboff\u00bb button_one_text_size__hover=\u00bbnull\u00bb button_two_text_size__hover_enabled=\u00bboff\u00bb button_two_text_size__hover=\u00bbnull\u00bb button_text_color__hover_enabled=\u00bboff\u00bb button_text_color__hover=\u00bbnull\u00bb button_one_text_color__hover_enabled=\u00bboff\u00bb button_one_text_color__hover=\u00bbnull\u00bb button_two_text_color__hover_enabled=\u00bboff\u00bb button_two_text_color__hover=\u00bbnull\u00bb button_border_width__hover_enabled=\u00bboff\u00bb button_border_width__hover=\u00bbnull\u00bb button_one_border_width__hover_enabled=\u00bboff\u00bb button_one_border_width__hover=\u00bbnull\u00bb button_two_border_width__hover_enabled=\u00bboff\u00bb button_two_border_width__hover=\u00bbnull\u00bb button_border_color__hover_enabled=\u00bboff\u00bb button_border_color__hover=\u00bbnull\u00bb button_one_border_color__hover_enabled=\u00bboff\u00bb button_one_border_color__hover=\u00bbnull\u00bb button_two_border_color__hover_enabled=\u00bboff\u00bb button_two_border_color__hover=\u00bbnull\u00bb button_border_radius__hover_enabled=\u00bboff\u00bb button_border_radius__hover=\u00bbnull\u00bb button_one_border_radius__hover_enabled=\u00bboff\u00bb button_one_border_radius__hover=\u00bbnull\u00bb button_two_border_radius__hover_enabled=\u00bboff\u00bb button_two_border_radius__hover=\u00bbnull\u00bb button_letter_spacing__hover_enabled=\u00bboff\u00bb button_letter_spacing__hover=\u00bbnull\u00bb button_one_letter_spacing__hover_enabled=\u00bboff\u00bb button_one_letter_spacing__hover=\u00bbnull\u00bb button_two_letter_spacing__hover_enabled=\u00bboff\u00bb button_two_letter_spacing__hover=\u00bbnull\u00bb button_bg_color__hover_enabled=\u00bboff\u00bb button_bg_color__hover=\u00bbnull\u00bb button_one_bg_color__hover_enabled=\u00bboff\u00bb button_one_bg_color__hover=\u00bbnull\u00bb button_two_bg_color__hover_enabled=\u00bboff\u00bb button_two_bg_color__hover=\u00bbnull\u00bb][et_pb_slide heading=\u00bbARTE\u00bb use_bg_overlay=\u00bboff\u00bb use_text_overlay=\u00bboff\u00bb _builder_version=\u00bb4.18.0&#8243; header_font=\u00bb||||\u00bb body_font=\u00bb||||\u00bb background_color=\u00bb#ffffff\u00bb background_image=\u00bbhttps:\/\/artglobalizationinterculturality.com\/wp-content\/uploads\/2022\/10\/art-globalization-interculturality-oliver-ressler-home-04.jpg\u00bb background_enable_image=\u00bbon\u00bb button_on_hover=\u00bbon\u00bb global_colors_info=\u00bb{}\u00bb button_text_size__hover_enabled=\u00bboff\u00bb button_one_text_size__hover_enabled=\u00bboff\u00bb button_two_text_size__hover_enabled=\u00bboff\u00bb button_text_color__hover_enabled=\u00bboff\u00bb button_one_text_color__hover_enabled=\u00bboff\u00bb button_two_text_color__hover_enabled=\u00bboff\u00bb button_border_width__hover_enabled=\u00bboff\u00bb button_one_border_width__hover_enabled=\u00bboff\u00bb button_two_border_width__hover_enabled=\u00bboff\u00bb button_border_color__hover_enabled=\u00bboff\u00bb button_one_border_color__hover_enabled=\u00bboff\u00bb button_two_border_color__hover_enabled=\u00bboff\u00bb button_border_radius__hover_enabled=\u00bboff\u00bb button_one_border_radius__hover_enabled=\u00bboff\u00bb button_two_border_radius__hover_enabled=\u00bboff\u00bb button_letter_spacing__hover_enabled=\u00bboff\u00bb button_one_letter_spacing__hover_enabled=\u00bboff\u00bb button_two_letter_spacing__hover_enabled=\u00bboff\u00bb button_bg_color__hover_enabled=\u00bboff\u00bb button_one_bg_color__hover_enabled=\u00bboff\u00bb button_two_bg_color__hover_enabled=\u00bboff\u00bb sticky_transition=\u00bbon\u00bb][\/et_pb_slide][et_pb_slide heading=\u00bbGLOBALIZACI\u00d3N\u00bb use_bg_overlay=\u00bboff\u00bb use_text_overlay=\u00bboff\u00bb _builder_version=\u00bb4.18.0&#8243; header_font=\u00bb||||\u00bb body_font=\u00bb||||\u00bb background_color=\u00bb#ffffff\u00bb background_image=\u00bbhttps:\/\/artglobalizationinterculturality.com\/wp-content\/uploads\/2022\/10\/art-globalization-interculturality-oliver-ressler-home-02.jpg\u00bb background_enable_image=\u00bbon\u00bb button_on_hover=\u00bbon\u00bb global_colors_info=\u00bb{}\u00bb button_text_size__hover_enabled=\u00bboff\u00bb button_one_text_size__hover_enabled=\u00bboff\u00bb button_two_text_size__hover_enabled=\u00bboff\u00bb button_text_color__hover_enabled=\u00bboff\u00bb button_one_text_color__hover_enabled=\u00bboff\u00bb button_two_text_color__hover_enabled=\u00bboff\u00bb button_border_width__hover_enabled=\u00bboff\u00bb button_one_border_width__hover_enabled=\u00bboff\u00bb button_two_border_width__hover_enabled=\u00bboff\u00bb button_border_color__hover_enabled=\u00bboff\u00bb button_one_border_color__hover_enabled=\u00bboff\u00bb button_two_border_color__hover_enabled=\u00bboff\u00bb button_border_radius__hover_enabled=\u00bboff\u00bb button_one_border_radius__hover_enabled=\u00bboff\u00bb button_two_border_radius__hover_enabled=\u00bboff\u00bb button_letter_spacing__hover_enabled=\u00bboff\u00bb button_one_letter_spacing__hover_enabled=\u00bboff\u00bb button_two_letter_spacing__hover_enabled=\u00bboff\u00bb button_bg_color__hover_enabled=\u00bboff\u00bb button_one_bg_color__hover_enabled=\u00bboff\u00bb button_two_bg_color__hover_enabled=\u00bboff\u00bb sticky_transition=\u00bbon\u00bb][\/et_pb_slide][et_pb_slide heading=\u00bbINTERCULTURALIDAD\u00bb use_bg_overlay=\u00bboff\u00bb use_text_overlay=\u00bboff\u00bb _builder_version=\u00bb4.18.0&#8243; header_font=\u00bb||||\u00bb body_font=\u00bb||||\u00bb background_color=\u00bb#ffffff\u00bb background_image=\u00bbhttps:\/\/artglobalizationinterculturality.com\/wp-content\/uploads\/2022\/10\/art-globalization-interculturality-oliver-ressler-home-03.jpg\u00bb background_enable_image=\u00bbon\u00bb button_on_hover=\u00bbon\u00bb global_colors_info=\u00bb{}\u00bb button_text_size__hover_enabled=\u00bboff\u00bb button_one_text_size__hover_enabled=\u00bboff\u00bb button_two_text_size__hover_enabled=\u00bboff\u00bb button_text_color__hover_enabled=\u00bboff\u00bb button_one_text_color__hover_enabled=\u00bboff\u00bb button_two_text_color__hover_enabled=\u00bboff\u00bb button_border_width__hover_enabled=\u00bboff\u00bb button_one_border_width__hover_enabled=\u00bboff\u00bb button_two_border_width__hover_enabled=\u00bboff\u00bb button_border_color__hover_enabled=\u00bboff\u00bb button_one_border_color__hover_enabled=\u00bboff\u00bb button_two_border_color__hover_enabled=\u00bboff\u00bb button_border_radius__hover_enabled=\u00bboff\u00bb button_one_border_radius__hover_enabled=\u00bboff\u00bb button_two_border_radius__hover_enabled=\u00bboff\u00bb button_letter_spacing__hover_enabled=\u00bboff\u00bb button_one_letter_spacing__hover_enabled=\u00bboff\u00bb button_two_letter_spacing__hover_enabled=\u00bboff\u00bb button_bg_color__hover_enabled=\u00bboff\u00bb button_one_bg_color__hover_enabled=\u00bboff\u00bb button_two_bg_color__hover_enabled=\u00bboff\u00bb sticky_transition=\u00bbon\u00bb][\/et_pb_slide][\/et_pb_fullwidth_slider][\/et_pb_section][et_pb_section fb_built=\u00bb1&#8243; admin_label=\u00bbBlog Section\u00bb _builder_version=\u00bb4.16&#8243; background_color=\u00bb#f4c619&#8243; collapsed=\u00bboff\u00bb global_colors_info=\u00bb{}\u00bb][et_pb_row column_structure=\u00bb1_3,2_3&#8243; column_padding_mobile=\u00bbon\u00bb _builder_version=\u00bb4.16&#8243; background_size=\u00bbinitial\u00bb background_position=\u00bbtop_left\u00bb background_repeat=\u00bbrepeat\u00bb custom_margin=\u00bb0px|||\u00bb custom_padding=\u00bb0px|||\u00bb global_colors_info=\u00bb{}\u00bb][et_pb_column type=\u00bb1_3&#8243; _builder_version=\u00bb4.16&#8243; background_position=\u00bbtop_left\u00bb custom_padding=\u00bb|||\u00bb global_colors_info=\u00bb{}\u00bb custom_padding__hover=\u00bb|||\u00bb][et_pb_image src=\u00bbhttps:\/\/artglobalizationinterculturality.com\/wp-content\/uploads\/2015\/09\/agi-logo-white.png\u00bb align_tablet=\u00bbcenter\u00bb align_phone=\u00bbcenter\u00bb align_last_edited=\u00bbon|desktop\u00bb _builder_version=\u00bb4.16&#8243; animation_style=\u00bbslide\u00bb animation_direction=\u00bbleft\u00bb animation_duration=\u00bb500ms\u00bb animation_intensity_slide=\u00bb10%\u00bb sticky=\u00bboff\u00bb border_style=\u00bbsolid\u00bb always_center_on_mobile=\u00bbon\u00bb global_colors_info=\u00bb{}\u00bb][\/et_pb_image][\/et_pb_column][et_pb_column type=\u00bb2_3&#8243; _builder_version=\u00bb4.16&#8243; background_position=\u00bbtop_left\u00bb custom_padding=\u00bb|||\u00bb global_colors_info=\u00bb{}\u00bb custom_padding__hover=\u00bb|||\u00bb][et_pb_divider show_divider=\u00bboff\u00bb _builder_version=\u00bb4.16&#8243; height=\u00bb40px\u00bb global_colors_info=\u00bb{}\u00bb][\/et_pb_divider][et_pb_cta admin_label=\u00bbCritical Cartography\u00bb _builder_version=\u00bb4.27.2&#8243; header_text_color=\u00bb#4f5c62&#8243; header_line_height=\u00bb2em\u00bb body_font=\u00bbOpen Sans||||\u00bb body_text_color=\u00bb#666666&#8243; body_font_size=\u00bb16&#8243; body_line_height=\u00bb4em\u00bb use_background_color=\u00bboff\u00bb background_size=\u00bbinitial\u00bb background_position=\u00bbtop_left\u00bb background_repeat=\u00bbrepeat\u00bb text_orientation=\u00bbleft\u00bb custom_margin=\u00bb||0px|\u00bb custom_padding=\u00bb||0px|\u00bb hover_enabled=\u00bb0&#8243; header_font_size_tablet=\u00bb\u00bb header_font_size_phone=\u00bb\u00bb header_font_size_last_edited=\u00bbon|desktop\u00bb custom_css_promo_title=\u00bbfont-weight:800;\u00bb global_colors_info=\u00bb{}\u00bb button_text_size__hover_enabled=\u00bboff\u00bb button_text_size__hover=\u00bbnull\u00bb button_one_text_size__hover_enabled=\u00bboff\u00bb button_one_text_size__hover=\u00bbnull\u00bb button_two_text_size__hover_enabled=\u00bboff\u00bb button_two_text_size__hover=\u00bbnull\u00bb button_text_color__hover_enabled=\u00bboff\u00bb button_text_color__hover=\u00bbnull\u00bb button_one_text_color__hover_enabled=\u00bboff\u00bb button_one_text_color__hover=\u00bbnull\u00bb button_two_text_color__hover_enabled=\u00bboff\u00bb button_two_text_color__hover=\u00bbnull\u00bb button_border_width__hover_enabled=\u00bboff\u00bb button_border_width__hover=\u00bbnull\u00bb button_one_border_width__hover_enabled=\u00bboff\u00bb button_one_border_width__hover=\u00bbnull\u00bb button_two_border_width__hover_enabled=\u00bboff\u00bb button_two_border_width__hover=\u00bbnull\u00bb button_border_color__hover_enabled=\u00bboff\u00bb button_border_color__hover=\u00bbnull\u00bb button_one_border_color__hover_enabled=\u00bboff\u00bb button_one_border_color__hover=\u00bbnull\u00bb button_two_border_color__hover_enabled=\u00bboff\u00bb button_two_border_color__hover=\u00bbnull\u00bb button_border_radius__hover_enabled=\u00bboff\u00bb button_border_radius__hover=\u00bbnull\u00bb button_one_border_radius__hover_enabled=\u00bboff\u00bb button_one_border_radius__hover=\u00bbnull\u00bb button_two_border_radius__hover_enabled=\u00bboff\u00bb button_two_border_radius__hover=\u00bbnull\u00bb button_letter_spacing__hover_enabled=\u00bboff\u00bb button_letter_spacing__hover=\u00bbnull\u00bb button_one_letter_spacing__hover_enabled=\u00bboff\u00bb button_one_letter_spacing__hover=\u00bbnull\u00bb button_two_letter_spacing__hover_enabled=\u00bboff\u00bb button_two_letter_spacing__hover=\u00bbnull\u00bb button_bg_color__hover_enabled=\u00bboff\u00bb button_bg_color__hover=\u00bbnull\u00bb button_one_bg_color__hover_enabled=\u00bboff\u00bb button_one_bg_color__hover=\u00bbnull\u00bb button_two_bg_color__hover_enabled=\u00bboff\u00bb button_two_bg_color__hover=\u00bbnull\u00bb sticky_enabled=\u00bb0&#8243;]<\/p>\n<h3 style=\"line-height: 180%;\">Visualidad y geoest\u00e9tica en la era de la crisis ecosocial. Enfoques anal\u00edticos (VIGEO)<\/h3>\n<h4 style=\"line-height: 180%;\">Departamento de Historia del Arte | Grupo de Investigaci\u00f3n<br \/>\nUniversitat de Barcelona<br \/>\nPID2022-139211OB-100<\/h4>\n<p>[\/et_pb_cta][\/et_pb_column][\/et_pb_row][et_pb_row column_structure=\u00bb1_3,1_3,1_3&#8243; padding_mobile=\u00bboff\u00bb column_padding_mobile=\u00bbon\u00bb _builder_version=\u00bb4.16&#8243; background_size=\u00bbinitial\u00bb background_position=\u00bbtop_left\u00bb background_repeat=\u00bbrepeat\u00bb custom_padding=\u00bb5%|||\u00bb make_fullwidth=\u00bboff\u00bb use_custom_width=\u00bboff\u00bb width_unit=\u00bbon\u00bb global_colors_info=\u00bb{}\u00bb][et_pb_column type=\u00bb1_3&#8243; _builder_version=\u00bb4.16&#8243; custom_padding=\u00bb|||\u00bb global_colors_info=\u00bb{}\u00bb custom_padding__hover=\u00bb|||\u00bb][et_pb_text admin_label=\u00bbSIMPOSIOS\u00bb _builder_version=\u00bb4.16&#8243; text_text_color=\u00bb#ffffff\u00bb background_layout=\u00bbdark\u00bb global_colors_info=\u00bb{}\u00bb]<\/p>\n<h3>SIMPOSIOS<\/h3>\n<p>[\/et_pb_text]<div class=\"et_pb_blog_grid_wrapper\"><div class=\"et_pb_blog_grid clearfix et_pb_module et_pb_bg_layout_light  et_pb_cpt_archive_0\" data-columns>\n\t\t\t\t\n\t\t\t<article id=\"post-8940\" class=\"et_pb_post_type et_pb_post_type_symposiums et_pb_post post-8940 symposiums type-symposiums status-publish has-post-thumbnail hentry category-simposios\">\n\n\t\t\t<div class=\"et_pb_image_container\"><a  href=\"https:\/\/artglobalizationinterculturality.com\/es\/simposios\/ecologias-mutantes-en-el-arte-contemporaneo-v-simposio\/\" class=\"entry-featured-image-url\"><img decoding=\"async\" src=\"https:\/\/artglobalizationinterculturality.com\/wp-content\/uploads\/2022\/03\/Imatge-activitat-Ecologies-mutants_0-400x250.jpg\" class=\"\" alt=\"Ecolog\u00edas mutantes en el arte contempor\u00e1neo V\" title=\"Ecolog\u00edas mutantes en el arte contempor\u00e1neo V\" \/><\/a><\/div> <!-- .et_pb_image_container -->\n\t\t\t\t\t\t\t\t\t\t\t\t<h2 class=\"entry-title\"><a href=\"https:\/\/artglobalizationinterculturality.com\/es\/simposios\/ecologias-mutantes-en-el-arte-contemporaneo-v-simposio\/\">Ecolog\u00edas mutantes en el arte contempor\u00e1neo V<\/a><\/h2>\n\t\t\t\t\n\t\t\t\t<p class=\"post-meta\">  <span class=\"published\">Mar 14, 2022<\/span>    <\/p>\t\t\t\n\t\t\t<\/article> <!-- .et_pb_post -->\n\t\n\t\t\t<\/div> <!-- .et_pb_posts --><\/div>[\/et_pb_column][et_pb_column type=\u00bb1_3&#8243; _builder_version=\u00bb4.16&#8243; custom_padding=\u00bb|||\u00bb global_colors_info=\u00bb{}\u00bb custom_padding__hover=\u00bb|||\u00bb][et_pb_text admin_label=\u00bbSEMINARIOS\u00bb _builder_version=\u00bb4.16&#8243; text_text_color=\u00bb#ffffff\u00bb background_layout=\u00bbdark\u00bb global_colors_info=\u00bb{}\u00bb]<\/p>\n<h3>SEMINARIOS<\/h3>\n<p>[\/et_pb_text]<div class=\"et_pb_blog_grid_wrapper\"><div class=\"et_pb_blog_grid clearfix et_pb_module et_pb_bg_layout_light  et_pb_cpt_archive_1\" data-columns>\n\t\t\t\t\n\t\t\t<article id=\"post-10570\" class=\"et_pb_post_type et_pb_post_type_seminars et_pb_post post-10570 seminars type-seminars status-publish has-post-thumbnail hentry category-seminarios\">\n\n\t\t\t<div class=\"et_pb_image_container\"><a  href=\"https:\/\/artglobalizationinterculturality.com\/es\/seminarios\/seminarioextractivismobcn2\/\" class=\"entry-featured-image-url\"><img decoding=\"async\" src=\"https:\/\/artglobalizationinterculturality.com\/wp-content\/uploads\/2026\/01\/01_C_CD93389_eurafrica_-400x250.jpg\" class=\"\" alt=\"II Seminario \u00abArtes y literaturas en culturas extractivistas\u00bb\" title=\"II Seminario \u00abArtes y literaturas en culturas extractivistas\u00bb\" \/><\/a><\/div> <!-- .et_pb_image_container -->\n\t\t\t\t\t\t\t\t\t\t\t\t<h2 class=\"entry-title\"><a href=\"https:\/\/artglobalizationinterculturality.com\/es\/seminarios\/seminarioextractivismobcn2\/\">II Seminario \u00abArtes y literaturas en culturas extractivistas\u00bb<\/a><\/h2>\n\t\t\t\t\n\t\t\t\t<p class=\"post-meta\">  <span class=\"published\">Feb 13, 2026<\/span>    <\/p>\t\t\t\n\t\t\t<\/article> <!-- .et_pb_post -->\n\t\n\t\t\t<\/div> <!-- .et_pb_posts --><\/div>[\/et_pb_column][et_pb_column type=\u00bb1_3&#8243; _builder_version=\u00bb4.16&#8243; custom_padding=\u00bb|||\u00bb global_colors_info=\u00bb{}\u00bb custom_padding__hover=\u00bb|||\u00bb][et_pb_text admin_label=\u00bbCONFERENCIAS\u00bb _builder_version=\u00bb4.16&#8243; text_text_color=\u00bb#ffffff\u00bb background_layout=\u00bbdark\u00bb global_colors_info=\u00bb{}\u00bb]<\/p>\n<h3>CONFERENCIAS<\/h3>\n<p>[\/et_pb_text]<div class=\"et_pb_blog_grid_wrapper\"><div class=\"et_pb_blog_grid clearfix et_pb_module et_pb_bg_layout_light  et_pb_cpt_archive_2\" data-columns>\n\t\t\t\t\n\t\t\t<article id=\"post-10644\" class=\"et_pb_post_type et_pb_post_type_conferences et_pb_post post-10644 conferences type-conferences status-publish format-standard has-post-thumbnail hentry category-call-for-papers-2 category-congresos\">\n\n\t\t\t<div class=\"et_pb_image_container\"><a  href=\"https:\/\/artglobalizationinterculturality.com\/es\/conferencias\/extractivismconference2\/\" class=\"entry-featured-image-url\"><img decoding=\"async\" src=\"https:\/\/artglobalizationinterculturality.com\/wp-content\/uploads\/2026\/06\/part3-400x250.jpg\" class=\"\" alt=\"\u00abFrente a los extractivismos.\u00a0Artes y literaturas\u00bb, II Congreso internacional, Par\u00eds, junio 2026.\" title=\"\u00abFrente a los extractivismos.\u00a0Artes y literaturas\u00bb, II Congreso internacional, Par\u00eds, junio 2026.\" \/><\/a><\/div> <!-- .et_pb_image_container -->\n\t\t\t\t\t\t\t\t\t\t\t\t<h2 class=\"entry-title\"><a href=\"https:\/\/artglobalizationinterculturality.com\/es\/conferencias\/extractivismconference2\/\">\u00abFrente a los extractivismos.\u00a0Artes y literaturas\u00bb, II Congreso internacional, Par\u00eds, junio 2026.<\/a><\/h2>\n\t\t\t\t\n\t\t\t\t<p class=\"post-meta\">  <span class=\"published\">Jun 1, 2026<\/span>    <\/p>\t\t\t\n\t\t\t<\/article> <!-- .et_pb_post -->\n\t\n\t\t\t<\/div> <!-- .et_pb_posts --><\/div>[\/et_pb_column][\/et_pb_row][\/et_pb_section]<\/p>\n","protected":false},"excerpt":{"rendered":"<p>Visualidad y geoest\u00e9tica en la era de la crisis ecosocial. Enfoques anal\u00edticos (VIGEO) Departamento de Historia del Arte | Grupo de Investigaci\u00f3n Universitat de Barcelona PID2022-139211OB-100 SIMPOSIOS SEMINARIOS CONFERENCIAS<\/p>\n","protected":false},"author":1,"featured_media":0,"parent":0,"menu_order":0,"comment_status":"closed","ping_status":"closed","template":"","meta":{"_seopress_robots_primary_cat":"","_seopress_titles_title":"Visualidad y geoest\u00e9tica ante la crisis ecosocial","_seopress_titles_desc":"Explora la visualidad y geoest\u00e9tica en la era de la crisis ecosocial con el grupo VIGEO de la Universitat de Barcelona.","_seopress_robots_index":"","_et_pb_use_builder":"on","_et_pb_old_content":"This is an example page. It's different from a blog post because it will stay in one place and will show up in your site navigation (in most themes). Most people start with an About page that introduces them to potential site visitors. It might say something like this:\r\n\r\n<blockquote>Hi there! I'm a bike messenger by day, aspiring actor by night, and this is my blog. I live in Los Angeles, have a great dog named Jack, and I like pi\u00f1a coladas. (And gettin' caught in the rain.)<\/blockquote>\r\n\r\n...or something like this:\r\n\r\n<blockquote>The XYZ Doohickey Company was founded in 1971, and has been providing quality doohickeys to the public ever since. Located in Gotham City, XYZ employs over 2,000 people and does all kinds of awesome things for the Gotham community.<\/blockquote>\r\n\r\nAs a new WordPress user, you should go to <a href=\"http:\/\/www.candythemes.com\/demo\/business\/wp-admin\/\">your dashboard<\/a> to delete this page and create new pages for your content. Have fun!","_et_gb_content_width":"","footnotes":""},"class_list":["post-4554","page","type-page","status-publish","hentry"],"_links":{"self":[{"href":"https:\/\/artglobalizationinterculturality.com\/es\/wp-json\/wp\/v2\/pages\/4554","targetHints":{"allow":["GET"]}}],"collection":[{"href":"https:\/\/artglobalizationinterculturality.com\/es\/wp-json\/wp\/v2\/pages"}],"about":[{"href":"https:\/\/artglobalizationinterculturality.com\/es\/wp-json\/wp\/v2\/types\/page"}],"author":[{"embeddable":true,"href":"https:\/\/artglobalizationinterculturality.com\/es\/wp-json\/wp\/v2\/users\/1"}],"replies":[{"embeddable":true,"href":"https:\/\/artglobalizationinterculturality.com\/es\/wp-json\/wp\/v2\/comments?post=4554"}],"version-history":[{"count":14,"href":"https:\/\/artglobalizationinterculturality.com\/es\/wp-json\/wp\/v2\/pages\/4554\/revisions"}],"predecessor-version":[{"id":10026,"href":"https:\/\/artglobalizationinterculturality.com\/es\/wp-json\/wp\/v2\/pages\/4554\/revisions\/10026"}],"wp:attachment":[{"href":"https:\/\/artglobalizationinterculturality.com\/es\/wp-json\/wp\/v2\/media?parent=4554"}],"curies":[{"name":"wp","href":"https:\/\/api.w.org\/{rel}","templated":true}]}}